{"id":11,"date":"2026-03-08T16:46:24","date_gmt":"2026-03-08T16:46:24","guid":{"rendered":"https:\/\/lel-concept.fr\/?page_id=11"},"modified":"2026-04-03T14:40:20","modified_gmt":"2026-04-03T13:40:20","slug":"accueil","status":"publish","type":"page","link":"https:\/\/lel-concept.fr\/","title":{"rendered":"Accueil agencement"},"content":{"rendered":"\n\n\n<hr class=\"wp-block-separator has-alpha-channel-opacity\"\/>\n\n\n\n<div class=\"wp-block-cover has-large-font-size\" style=\"border-top-left-radius:20px;border-top-right-radius:20px;border-bottom-left-radius:20px;border-bottom-right-radius:20px;margin-top:0;margin-bottom:0;padding-right:0;padding-left:0;min-height:200px;aspect-ratio:unset;\"><img loading=\"lazy\" decoding=\"async\" width=\"1024\" height=\"774\" class=\"wp-block-cover__image-background wp-image-71 size-large\" alt=\"\" src=\"https:\/\/lel-concept.fr\/wp-content\/uploads\/2026\/03\/IMG_0170-1024x774.jpg\" style=\"object-position:50% 2%\" data-object-fit=\"cover\" data-object-position=\"50% 2%\" srcset=\"https:\/\/lel-concept.fr\/wp-content\/uploads\/2026\/03\/IMG_0170-1024x774.jpg 1024w, https:\/\/lel-concept.fr\/wp-content\/uploads\/2026\/03\/IMG_0170-300x227.jpg 300w, https:\/\/lel-concept.fr\/wp-content\/uploads\/2026\/03\/IMG_0170-768x580.jpg 768w, https:\/\/lel-concept.fr\/wp-content\/uploads\/2026\/03\/IMG_0170-1536x1161.jpg 1536w, https:\/\/lel-concept.fr\/wp-content\/uploads\/2026\/03\/IMG_0170-2048x1548.jpg 2048w\" sizes=\"auto, (max-width: 1024px) 100vw, 1024px\" \/><span aria-hidden=\"true\" class=\"wp-block-cover__background has-background-dim-30 has-background-dim\" style=\"background-color:#73655a\"><\/span><div class=\"wp-block-cover__inner-container has-global-padding is-layout-constrained wp-container-core-cover-is-layout-7bcabc6a wp-block-cover-is-layout-constrained\">\n<p class=\"has-text-align-center is-style-text-subtitle has-base-color has-text-color has-link-color has-large-font-size wp-elements-f6e0e7432e8caf5f23ad5b2eb0c66472 is-style-text-subtitle--1\"><a href=\"https:\/\/lel-concept.fr\/index.php\/kits-agencement\/\" data-type=\"page\" data-id=\"530\">Simplifiez vos projets d\u2019agencement sur mesure<\/a><\/p>\n<\/div><\/div>\n\n\n\n<hr class=\"wp-block-separator has-alpha-channel-opacity\"\/>\n\n\n\n<p>Des structures en bois et m\u00e9tal avec \u00e9clairage int\u00e9gr\u00e9, con\u00e7ues pour gagner du temps sur chantier et garantir un r\u00e9sultat haut de gamme.<\/p>\n\n\n\n<div class=\"wp-block-buttons is-layout-flex wp-block-buttons-is-layout-flex\">\n<div class=\"wp-block-button is-style-outline is-style-outline--2\"><a class=\"wp-block-button__link wp-element-button\" href=\"https:\/\/lel-concept.fr\/index.php\/realisations-projets-agencement-l-e-l-concept\/\">Les r\u00e9alisations<\/a><\/div>\n<\/div>\n\n\n\n<div class=\"wp-block-buttons is-layout-flex wp-block-buttons-is-layout-flex\">\n<div class=\"wp-block-button is-style-outline is-style-outline--3\"><a class=\"wp-block-button__link wp-element-button\" href=\"https:\/\/lel-concept.fr\/index.php\/adopter-systeme-lel-concept-agencement\/\">D\u00e9couvrir le syst\u00e8me<\/a><\/div>\n<\/div>\n\n\n\n<div class=\"wp-block-buttons is-layout-flex wp-block-buttons-is-layout-flex\">\n<div class=\"wp-block-button is-style-outline is-style-outline--4\"><a class=\"wp-block-button__link wp-element-button\" href=\"https:\/\/lel-concept.fr\/index.php\/kits-agencement\/\">Les kits d&rsquo;agencement<\/a><\/div>\n<\/div>\n\n\n\n<div class=\"wp-block-buttons is-layout-flex wp-block-buttons-is-layout-flex\">\n<div class=\"wp-block-button is-style-outline is-style-outline--5\"><a class=\"wp-block-button__link wp-element-button\" href=\"https:\/\/lel-concept.fr\/index.php\/les-pieds-de-table\/\">Les pieds de table<\/a><\/div>\n<\/div>\n\n\n\n<hr class=\"wp-block-separator has-alpha-channel-opacity\"\/>\n\n\n\n<p class=\"is-style-text-subtitle is-style-text-subtitle--6\">Un constat simple<\/p>\n\n\n\n<p>Aujourd\u2019hui, r\u00e9aliser un agencement sur mesure implique souvent de nombreux intervenants, des ajustements sur chantier et des d\u00e9lais difficiles \u00e0 ma\u00eetriser.<\/p>\n\n\n\n<ul class=\"wp-block-list\">\n<li>De nombreux intervenants<\/li>\n\n\n\n<li>Des ajustements sur site<\/li>\n\n\n\n<li>Des d\u00e9lais incertains<\/li>\n\n\n\n<li>Des co\u00fbts difficiles \u00e0 ma\u00eetriser<\/li>\n<\/ul>\n\n\n\n<hr class=\"wp-block-separator has-alpha-channel-opacity\"\/>\n\n\n\n<p class=\"is-style-text-subtitle is-style-text-subtitle--7\">La solution LEL Concept<\/p>\n\n\n\n<p>LEL Concept a d\u00e9velopp\u00e9 un syst\u00e8me d\u2019agencement mural qui simplifie le sur-mesure.<\/p>\n\n\n\n<p>Une structure modulaire en m\u00e9tal, int\u00e9grant l\u2019\u00e9clairage, pens\u00e9e pour \u00eatre rapide \u00e0 installer, simple \u00e0 adapter et fiable dans le temps.<\/p>\n\n\n\n<div class=\"wp-block-columns is-layout-flex wp-container-core-columns-is-layout-28f84493 wp-block-columns-is-layout-flex\">\n<div class=\"wp-block-column is-layout-flow wp-block-column-is-layout-flow\">\n<p>\u2714 Gain de temps<\/p>\n\n\n\n<p>R\u00e9duction du temps de pose sur chantier<\/p>\n<\/div>\n\n\n\n<div class=\"wp-block-column is-layout-flow wp-block-column-is-layout-flow\">\n<p>\u2714 Moins d\u2019impr\u00e9vus<\/p>\n\n\n\n<p>Pas de reprise ni d\u2019ajustement complexe<\/p>\n<\/div>\n\n\n\n<div class=\"wp-block-column is-layout-flow wp-block-column-is-layout-flow\">\n<p>\u2714 Ma\u00eetrise des co\u00fbts<\/p>\n\n\n\n<p>Une solution claire et anticip\u00e9e<\/p>\n<\/div>\n\n\n\n<div class=\"wp-block-column is-layout-flow wp-block-column-is-layout-flow\">\n<p>\u2714 Pr\u00e9cision<\/p>\n\n\n\n<p>Un rendu propre et professionnel<\/p>\n<\/div>\n<\/div>\n\n\n\n<hr class=\"wp-block-separator has-alpha-channel-opacity\"\/>\n\n\n\n<div class=\"wp-block-columns is-layout-flex wp-container-core-columns-is-layout-28f84493 wp-block-columns-is-layout-flex\">\n<div class=\"wp-block-column is-layout-flow wp-block-column-is-layout-flow\">\n<p class=\"is-style-text-subtitle is-style-text-subtitle--8\">Une base pour cr\u00e9er sans limite<\/p>\n\n\n\n<p>Le syst\u00e8me LEL Concept devient un v\u00e9ritable support de cr\u00e9ation permettant d\u2019int\u00e9grer \u00e9tag\u00e8res, rangements et \u00e9l\u00e9ments d\u00e9coratifs.<\/p>\n\n\n\n<p>Chaque projet est unique, sans contrainte technique inutile.<\/p>\n<\/div>\n<\/div>\n\n\n\n<hr class=\"wp-block-separator has-alpha-channel-opacity\"\/>\n\n\n\n<p class=\"is-style-text-subtitle is-style-text-subtitle--9\">Une personnalisation compl\u00e8te<\/p>\n\n\n\n<ul class=\"wp-block-list\">\n<li>Dimensions sur mesure<\/li>\n\n\n\n<li>Finitions personnalis\u00e9es<\/li>\n\n\n\n<li>Large choix de couleurs<\/li>\n<\/ul>\n\n\n\n<p>Une flexibilit\u00e9 totale pour s\u2019int\u00e9grer parfaitement dans chaque projet.<\/p>\n\n\n\n<hr class=\"wp-block-separator has-alpha-channel-opacity\"\/>\n\n\n\n<div class=\"wp-block-columns is-layout-flex wp-container-core-columns-is-layout-28f84493 wp-block-columns-is-layout-flex\">\n<div class=\"wp-block-column is-layout-flow wp-block-column-is-layout-flow\">\n<p><strong>Agenceurs<\/strong> <\/p>\n\n\n\n<p>Gagnez du temps sur vos chantiers<\/p>\n<\/div>\n\n\n\n<div class=\"wp-block-column is-layout-flow wp-block-column-is-layout-flow\">\n<p><strong>Architectes <\/strong><\/p>\n\n\n\n<p>Conservez votre libert\u00e9 de cr\u00e9ation<\/p>\n<\/div>\n\n\n\n<div class=\"wp-block-column is-layout-flow wp-block-column-is-layout-flow\">\n<p><strong>Professionnels<\/strong><\/p>\n\n\n\n<p>Fiabilit\u00e9 et pr\u00e9cision<\/p>\n<\/div>\n\n\n\n<div class=\"wp-block-column is-layout-flow wp-block-column-is-layout-flow\">\n<p><strong>Particuliers<\/strong><\/p>\n\n\n\n<p>Fiabilit\u00e9 et pr\u00e9cision<\/p>\n<\/div>\n<\/div>\n\n\n\n<p class=\"is-style-default\"><a href=\"https:\/\/lel-concept.fr\/index.php\/realisations-projets-agencement-l-e-l-concept\/\" data-type=\"page\" data-id=\"38\">Voir les r\u00e9alisations<\/a><\/p>\n\n\n\n<hr class=\"wp-block-separator has-alpha-channel-opacity\"\/>\n\n\n\n<p class=\"is-style-text-subtitle is-style-text-subtitle--10\">Pourquoi choisir LEL Concept<\/p>\n\n\n\n<ul class=\"wp-block-list\">\n<li>Syst\u00e8me pr\u00eat \u00e0 poser<\/li>\n\n\n\n<li>Gain de temps chantier<\/li>\n\n\n\n<li>Moins d\u2019impr\u00e9vus<\/li>\n\n\n\n<li>R\u00e9sultat haut de gamme<\/li>\n\n\n\n<li>Compatible avec vos cr\u00e9ations bois<\/li>\n<\/ul>\n\n\n\n<hr class=\"wp-block-separator has-alpha-channel-opacity\"\/>\n\n\n\n<div class=\"wp-block-cover has-base-color has-text-color has-link-color has-large-font-size wp-elements-b154c113c1c17210016692f22aa0359d\" style=\"border-top-left-radius:20px;border-top-right-radius:20px;border-bottom-left-radius:20px;border-bottom-right-radius:20px;min-height:100px;aspect-ratio:unset;\"><span aria-hidden=\"true\" class=\"wp-block-cover__background has-contrast-background-color has-background-dim-70 has-background-dim\"><\/span><div class=\"wp-block-cover__inner-container has-global-padding is-layout-constrained wp-container-core-cover-is-layout-19e250f3 wp-block-cover-is-layout-constrained\">\n<p class=\"has-text-align-center is-style-text-subtitle has-large-font-size is-style-text-subtitle--11\"><strong><a href=\"https:\/\/lel-concept.fr\/index.php\/contact-rdv-devis-agencement\/\" data-type=\"page\" data-id=\"23\">Vous avez un projet ?<\/a><\/strong><\/p>\n\n\n\n<p class=\"has-text-align-center\"><a href=\"https:\/\/lel-concept.fr\/index.php\/contact-rdv-devis-agencement\/\" data-type=\"page\" data-id=\"23\">Discutons de votre besoin et trouvons la solution adapt\u00e9e.<\/a><\/p>\n<\/div><\/div>\n","protected":false},"excerpt":{"rendered":"<p>Des structures en bois et m\u00e9tal avec \u00e9clairage int\u00e9gr\u00e9, con\u00e7ues pour gagner du temps sur chantier et garantir un r\u00e9sultat haut de gamme. Un constat simple Aujourd\u2019hui, r\u00e9aliser un agencement sur mesure implique souvent de nombreux intervenants, des ajustements sur chantier et des d\u00e9lais difficiles \u00e0 ma\u00eetriser. La solution LEL Concept LEL Concept a d\u00e9velopp\u00e9 [&hellip;]<\/p>\n","protected":false},"author":1,"featured_media":0,"parent":0,"menu_order":0,"comment_status":"closed","ping_status":"closed","template":"","meta":{"footnotes":""},"class_list":["post-11","page","type-page","status-publish","hentry"],"jetpack_sharing_enabled":true,"_links":{"self":[{"href":"https:\/\/lel-concept.fr\/index.php\/wp-json\/wp\/v2\/pages\/11","targetHints":{"allow":["GET"]}}],"collection":[{"href":"https:\/\/lel-concept.fr\/index.php\/wp-json\/wp\/v2\/pages"}],"about":[{"href":"https:\/\/lel-concept.fr\/index.php\/wp-json\/wp\/v2\/types\/page"}],"author":[{"embeddable":true,"href":"https:\/\/lel-concept.fr\/index.php\/wp-json\/wp\/v2\/users\/1"}],"replies":[{"embeddable":true,"href":"https:\/\/lel-concept.fr\/index.php\/wp-json\/wp\/v2\/comments?post=11"}],"version-history":[{"count":32,"href":"https:\/\/lel-concept.fr\/index.php\/wp-json\/wp\/v2\/pages\/11\/revisions"}],"predecessor-version":[{"id":662,"href":"https:\/\/lel-concept.fr\/index.php\/wp-json\/wp\/v2\/pages\/11\/revisions\/662"}],"wp:attachment":[{"href":"https:\/\/lel-concept.fr\/index.php\/wp-json\/wp\/v2\/media?parent=11"}],"curies":[{"name":"wp","href":"https:\/\/api.w.org\/{rel}","templated":true}]}}