{"id":125,"date":"2026-03-08T20:18:21","date_gmt":"2026-03-08T20:18:21","guid":{"rendered":"https:\/\/lel-concept.fr\/?page_id=125"},"modified":"2026-03-11T21:53:20","modified_gmt":"2026-03-11T20:53:20","slug":"mentions-legales","status":"publish","type":"page","link":"https:\/\/lel-concept.fr\/index.php\/mentions-legales\/","title":{"rendered":"Mentions L\u00e9gales"},"content":{"rendered":"\n<hr class=\"wp-block-separator has-alpha-channel-opacity\"\/>\n\n\n\n<h2 class=\"wp-block-heading is-style-text-subtitle is-style-text-subtitle--1\">Propri\u00e9taire, responsable du site<\/h2>\n\n\n\n<p class=\"has-medium-font-size\">Le pr\u00e9sent site est la propri\u00e9t\u00e9 de L.E.L concept situ\u00e9 au 20 rue de Riga 59200 Tourcoing<\/p>\n\n\n\n<p class=\"has-medium-font-size\">Nom du site :&nbsp;<a href=\"https:\/\/www.lel-concept.fr\">https:\/\/www.lel-concept.fr<\/a><br>Email :&nbsp;<a href=\"mailto:co%6etact@nor%64-la%73er-tube%2ecom\">contact@lel-concept.fr<\/a><br><strong>T\u00e9l :<\/strong>&nbsp;06 49 60 06 78<br>Code APE : 31.09B<\/p>\n\n\n\n<p class=\"has-medium-font-size\">L.E.L concept est une EURL au capital de 1 500 euros, enregistr\u00e9e au RCS Lille sous le num\u00e9ro 999 254 774 00014 , dont le si\u00e8ge social est situ\u00e9 au 20 rue de Riga 59200 Tourcoing<\/p>\n\n\n\n<h2 class=\"wp-block-heading is-style-text-subtitle is-style-text-subtitle--2\">Directeur de la publication<\/h2>\n\n\n\n<p class=\"has-medium-font-size\">Le directeur de la publication du Site Web est Monsieur Laurent Lesaffre, en qualit\u00e9 de G\u00e9rant de l&rsquo; EURL L.E.L concept<\/p>\n\n\n\n<hr class=\"wp-block-separator has-alpha-channel-opacity\"\/>\n","protected":false},"excerpt":{"rendered":"<p>Propri\u00e9taire, responsable du site Le pr\u00e9sent site est la propri\u00e9t\u00e9 de L.E.L concept situ\u00e9 au 20 rue de Riga 59200 Tourcoing Nom du site :&nbsp;https:\/\/www.lel-concept.frEmail :&nbsp;contact@lel-concept.frT\u00e9l :&nbsp;06 49 60 06 78Code APE : 31.09B L.E.L concept est une EURL au capital de 1 500 euros, enregistr\u00e9e au RCS Lille sous le num\u00e9ro 999 254 774 [&hellip;]<\/p>\n","protected":false},"author":1,"featured_media":0,"parent":0,"menu_order":100,"comment_status":"closed","ping_status":"closed","template":"","meta":{"footnotes":""},"class_list":["post-125","page","type-page","status-publish","hentry"],"jetpack_sharing_enabled":true,"_links":{"self":[{"href":"https:\/\/lel-concept.fr\/index.php\/wp-json\/wp\/v2\/pages\/125","targetHints":{"allow":["GET"]}}],"collection":[{"href":"https:\/\/lel-concept.fr\/index.php\/wp-json\/wp\/v2\/pages"}],"about":[{"href":"https:\/\/lel-concept.fr\/index.php\/wp-json\/wp\/v2\/types\/page"}],"author":[{"embeddable":true,"href":"https:\/\/lel-concept.fr\/index.php\/wp-json\/wp\/v2\/users\/1"}],"replies":[{"embeddable":true,"href":"https:\/\/lel-concept.fr\/index.php\/wp-json\/wp\/v2\/comments?post=125"}],"version-history":[{"count":4,"href":"https:\/\/lel-concept.fr\/index.php\/wp-json\/wp\/v2\/pages\/125\/revisions"}],"predecessor-version":[{"id":307,"href":"https:\/\/lel-concept.fr\/index.php\/wp-json\/wp\/v2\/pages\/125\/revisions\/307"}],"wp:attachment":[{"href":"https:\/\/lel-concept.fr\/index.php\/wp-json\/wp\/v2\/media?parent=125"}],"curies":[{"name":"wp","href":"https:\/\/api.w.org\/{rel}","templated":true}]}}