{"id":161,"date":"2026-03-09T10:49:07","date_gmt":"2026-03-09T09:49:07","guid":{"rendered":"https:\/\/lel-concept.fr\/?page_id=161"},"modified":"2026-03-25T19:37:32","modified_gmt":"2026-03-25T18:37:32","slug":"agencement-decorateurs-agenceurs-architectes-interieur","status":"publish","type":"page","link":"https:\/\/lel-concept.fr\/index.php\/agencement-decorateurs-agenceurs-architectes-interieur\/","title":{"rendered":"pour qui ?"},"content":{"rendered":"\n<hr class=\"wp-block-separator has-alpha-channel-opacity\"\/>\n\n\n\n<p class=\"is-style-text-subtitle is-style-text-subtitle--1\">A qui s&rsquo;adresse nos solutions<\/p>\n\n\n\n<p>Les solutions d&rsquo;agencement L.E.L concept sont con\u00e7ues pour les professionnels et particuliers qui souhaitent r\u00e9aliser des am\u00e9nagements sur mesure tout en simplifiant la mise en \u0153uvre sur chantier.<\/p>\n\n\n\n<hr class=\"wp-block-separator has-alpha-channel-opacity\"\/>\n\n\n\n<div class=\"wp-block-media-text is-vertically-aligned-center\" style=\"grid-template-columns:15% auto\"><figure class=\"wp-block-media-text__media\"><img loading=\"lazy\" decoding=\"async\" width=\"263\" height=\"247\" src=\"https:\/\/lel-concept.fr\/wp-content\/uploads\/2026\/03\/Architectes-Decorateurs.png\" alt=\"\" class=\"wp-image-311 size-full\"\/><\/figure><div class=\"wp-block-media-text__content\">\n<p class=\"is-style-text-subtitle is-style-text-subtitle--2\"><strong>Architectes designers D\u00e9corateurs<\/strong><\/p>\n<\/div><\/div>\n\n\n\n<p>Pour concevoir des espaces uniques en int\u00e9grant des structures \u00e9l\u00e9gantes et modulaires.<\/p>\n\n\n\n<hr class=\"wp-block-separator has-alpha-channel-opacity\"\/>\n\n\n\n<div class=\"wp-block-media-text\" style=\"grid-template-columns:15% auto\"><figure class=\"wp-block-media-text__media\"><img loading=\"lazy\" decoding=\"async\" width=\"256\" height=\"254\" src=\"https:\/\/lel-concept.fr\/wp-content\/uploads\/2026\/03\/Agenceurs.png\" alt=\"\" class=\"wp-image-312 size-full\" srcset=\"https:\/\/lel-concept.fr\/wp-content\/uploads\/2026\/03\/Agenceurs.png 256w, https:\/\/lel-concept.fr\/wp-content\/uploads\/2026\/03\/Agenceurs-150x150.png 150w\" sizes=\"auto, (max-width: 256px) 100vw, 256px\" \/><\/figure><div class=\"wp-block-media-text__content\">\n<p class=\"is-style-text-subtitle is-style-text-subtitle--3\"><strong>Agenceurs<\/strong><\/p>\n<\/div><\/div>\n\n\n\n<p>Pour gagner du temps sur la conception et la pose gr\u00e2ce \u00e0 des solutions pr\u00eates \u00e0 int\u00e9grer.<\/p>\n\n\n\n<hr class=\"wp-block-separator has-alpha-channel-opacity\"\/>\n\n\n\n<div class=\"wp-block-media-text\" style=\"grid-template-columns:15% auto\"><figure class=\"wp-block-media-text__media\"><img loading=\"lazy\" decoding=\"async\" width=\"262\" height=\"251\" src=\"https:\/\/lel-concept.fr\/wp-content\/uploads\/2026\/03\/Menuisiers-Ebenistes.png\" alt=\"\" class=\"wp-image-313 size-full\"\/><\/figure><div class=\"wp-block-media-text__content\">\n<p class=\"is-style-text-subtitle is-style-text-subtitle--4\"><strong>Menuisiers Eb\u00e9nistes<\/strong><\/p>\n<\/div><\/div>\n\n\n\n<p>Pour valoriser leur savoir-faire en travaillant le bois tout en s&rsquo;appuyant sur une structure technique fiable.<\/p>\n\n\n\n<hr class=\"wp-block-separator has-alpha-channel-opacity\"\/>\n\n\n\n<div class=\"wp-block-media-text\" style=\"grid-template-columns:15% auto\"><figure class=\"wp-block-media-text__media\"><img loading=\"lazy\" decoding=\"async\" width=\"265\" height=\"254\" src=\"https:\/\/lel-concept.fr\/wp-content\/uploads\/2026\/03\/Professionnels-du-batiment.png\" alt=\"\" class=\"wp-image-314 size-full\"\/><\/figure><div class=\"wp-block-media-text__content\">\n<p class=\"is-style-text-subtitle is-style-text-subtitle--5\"><strong>Professionnels du b\u00e2timent<\/strong><\/p>\n<\/div><\/div>\n\n\n\n<p>Pour proposer des am\u00e9nagements sur mesure avec une installation simple et rapide.<\/p>\n\n\n\n<hr class=\"wp-block-separator has-alpha-channel-opacity\"\/>\n\n\n\n<div class=\"wp-block-media-text\" style=\"grid-template-columns:15% auto\"><figure class=\"wp-block-media-text__media\"><img loading=\"lazy\" decoding=\"async\" width=\"264\" height=\"255\" src=\"https:\/\/lel-concept.fr\/wp-content\/uploads\/2026\/03\/Particuliers.png\" alt=\"\" class=\"wp-image-315 size-full\"\/><\/figure><div class=\"wp-block-media-text__content\">\n<p class=\"is-style-text-subtitle is-style-text-subtitle--6\"><strong>Particuliers passionn\u00e9s Makers<\/strong><\/p>\n<\/div><\/div>\n\n\n\n<p>Les solutions d&rsquo;agencement L.E.L concept s&rsquo;adressent \u00e9galement aux particuliers souhaitant r\u00e9aliser un am\u00e9nagement int\u00e9rieur \u00e9l\u00e9gant et sur mesure.<\/p>\n\n\n\n<p>Gr\u00e2ce \u00e0 l&rsquo;association du bois, du m\u00e9tal et de l&rsquo;\u00e9clairage int\u00e9gr\u00e9, il est possible de cr\u00e9er des biblioth\u00e8ques, dressings ou meubles d\u00e9coratifs parfaitement adapt\u00e9s \u00e0 votre espace.<\/p>\n\n\n\n<p>Nos structures modulaires offrent une grande libert\u00e9 de cr\u00e9ation tout en garantissant une installation fiable et un r\u00e9sultat esth\u00e9tique durable.<\/p>\n\n\n\n<p>Les passionn\u00e9s de travail du bois et les amateurs de menuiserie peuvent \u00e9galement utiliser le syst\u00e8me L.E.L concept comme base de cr\u00e9ation pour concevoir leur propre tablettes ou \u00e9l\u00e9ments d\u00e9coratifs. La structure m\u00e9tallique devient alors un support technique solide, laissant toute libert\u00e9 d&rsquo;exprimer son savoir-faire et sa cr\u00e9ativit\u00e9 dans le travail du bois.<\/p>\n\n\n\n<p>Un clin d&rsquo;\u0153il \u00e9galement aux makers et cr\u00e9ateurs qui aiment exp\u00e9rimenter des tablettes en r\u00e9sine effet rivi\u00e8re, bois recycl\u00e9, essences rares ou pi\u00e8ces uniques trouvent naturellement leur place dans les agencements L.E.L concept.<\/p>\n\n\n\n<hr class=\"wp-block-separator has-alpha-channel-opacity\"\/>\n\n\n\n<div class=\"wp-block-cover\" style=\"min-height:200px;aspect-ratio:unset;\"><span aria-hidden=\"true\" class=\"wp-block-cover__background has-contrast-background-color has-background-dim-100 has-background-dim\"><\/span><div class=\"wp-block-cover__inner-container has-global-padding is-layout-constrained wp-block-cover-is-layout-constrained\">\n<p class=\"has-text-align-center has-medium-font-size\"><strong>Vous souhaitez en savoir plus ou \u00e9tudier votre projet ?<\/strong><\/p>\n\n\n\n<p class=\"has-text-align-center has-medium-font-size\"><strong>N&rsquo;h\u00e9sitez pas \u00e0 nous contacter, nous serons ravis d&rsquo;\u00e9changer avec vous.<\/strong><\/p>\n\n\n\n<p class=\"has-text-align-center has-link-color has-medium-font-size wp-elements-d2e55498adf3651439871a2d4a65b65c\"><strong><a href=\"https:\/\/lel-concept.fr\/index.php\/contact-rdv-devis-agencement\/\" data-type=\"page\" data-id=\"23\">Cliquez ici et laissez vous guider&#8230;<\/a><\/strong><\/p>\n<\/div><\/div>\n\n\n\n<hr class=\"wp-block-separator has-alpha-channel-opacity\"\/>\n","protected":false},"excerpt":{"rendered":"<p>A qui s&rsquo;adresse nos solutions Les solutions d&rsquo;agencement L.E.L concept sont con\u00e7ues pour les professionnels et particuliers qui souhaitent r\u00e9aliser des am\u00e9nagements sur mesure tout en simplifiant la mise en \u0153uvre sur chantier. Architectes designers D\u00e9corateurs Pour concevoir des espaces uniques en int\u00e9grant des structures \u00e9l\u00e9gantes et modulaires. Agenceurs Pour gagner du temps sur la [&hellip;]<\/p>\n","protected":false},"author":1,"featured_media":0,"parent":0,"menu_order":10,"comment_status":"closed","ping_status":"closed","template":"","meta":{"footnotes":""},"class_list":["post-161","page","type-page","status-publish","hentry"],"jetpack_sharing_enabled":true,"_links":{"self":[{"href":"https:\/\/lel-concept.fr\/index.php\/wp-json\/wp\/v2\/pages\/161","targetHints":{"allow":["GET"]}}],"collection":[{"href":"https:\/\/lel-concept.fr\/index.php\/wp-json\/wp\/v2\/pages"}],"about":[{"href":"https:\/\/lel-concept.fr\/index.php\/wp-json\/wp\/v2\/types\/page"}],"author":[{"embeddable":true,"href":"https:\/\/lel-concept.fr\/index.php\/wp-json\/wp\/v2\/users\/1"}],"replies":[{"embeddable":true,"href":"https:\/\/lel-concept.fr\/index.php\/wp-json\/wp\/v2\/comments?post=161"}],"version-history":[{"count":14,"href":"https:\/\/lel-concept.fr\/index.php\/wp-json\/wp\/v2\/pages\/161\/revisions"}],"predecessor-version":[{"id":519,"href":"https:\/\/lel-concept.fr\/index.php\/wp-json\/wp\/v2\/pages\/161\/revisions\/519"}],"wp:attachment":[{"href":"https:\/\/lel-concept.fr\/index.php\/wp-json\/wp\/v2\/media?parent=161"}],"curies":[{"name":"wp","href":"https:\/\/api.w.org\/{rel}","templated":true}]}}