{"id":177,"date":"2026-03-09T12:05:42","date_gmt":"2026-03-09T11:05:42","guid":{"rendered":"https:\/\/lel-concept.fr\/?page_id=177"},"modified":"2026-03-24T16:16:24","modified_gmt":"2026-03-24T15:16:24","slug":"adopter-agencement-l-e-l-concept","status":"publish","type":"page","link":"https:\/\/lel-concept.fr\/index.php\/adopter-agencement-l-e-l-concept\/","title":{"rendered":"pourquoi nous choisir ?"},"content":{"rendered":"\n<hr class=\"wp-block-separator has-alpha-channel-opacity\"\/>\n\n\n\n<p class=\"is-style-text-subtitle is-style-text-subtitle--1\">Pourquoi utiliser le syst\u00e8me L.E.L concept ?<\/p>\n\n\n\n<p>R\u00e9aliser un agencement sur-mesure implique souvent plusieurs intervenants sur chantier avec les plannings et les d\u00e9lais de chacun difficiles \u00e0 maitriser.<\/p>\n\n\n\n<ul class=\"wp-block-list\">\n<li>Installation rapide et pr\u00e9cise<\/li>\n<\/ul>\n\n\n\n<p class=\"has-small-font-size\">Une conception pens\u00e9e pour faciliter la pose sur chantier.<\/p>\n\n\n\n<ul class=\"wp-block-list\">\n<li>Moins d&rsquo;impr\u00e9vues sur chantier<\/li>\n<\/ul>\n\n\n\n<p class=\"has-small-font-size\">Une structure stable et adaptable qui limite les ajustements.<\/p>\n\n\n\n<ul class=\"wp-block-list\">\n<li>Gains de temps <\/li>\n<\/ul>\n\n\n\n<p class=\"has-small-font-size\">Une mise en \u0153uvre plus rapide que des solutions enti\u00e8rement fabriqu\u00e9es sur-mesure.<\/p>\n\n\n\n<ul class=\"wp-block-list\">\n<li>Modularit\u00e9 et libert\u00e9 de cr\u00e9ation<\/li>\n<\/ul>\n\n\n\n<p class=\"has-small-font-size\">L&rsquo;installateur conserve toute la libert\u00e9 de travailler les \u00e9l\u00e9ments bois selon son design.<\/p>\n\n\n\n<p class=\"is-style-text-subtitle is-style-text-subtitle--2\">Un \u00e9clairage int\u00e9gr\u00e9 d\u00e8s la conception<\/p>\n\n\n\n<p>L&rsquo;\u00e9clairage est encastr\u00e9 directement dans la structure afin d&rsquo;assurer une parfaite diffusion de la lumi\u00e8re indirecte pour ne pas \u00eatre \u00e9bloui et prot\u00e9ger les yeux de la LED.<\/p>\n\n\n\n<p>Permet de cr\u00e9er des ambiances \u00e9l\u00e9gantes tout en simplifiant l&rsquo;installation \u00e9lectrique.<\/p>\n\n\n\n<p class=\"is-style-text-subtitle is-style-text-subtitle--3\">Un syst\u00e8me qui simplifie le sur-mesure<\/p>\n\n\n\n<p>Le syst\u00e8me L.E.L concept permet de concevoir et r\u00e9aliser des agencements sur-mesure tout en simplifiant la pose.<\/p>\n\n\n\n<p>Offre une base technique fiable tout en laissant une grande libert\u00e9 de cr\u00e9ation.<\/p>\n\n\n\n<hr class=\"wp-block-separator has-alpha-channel-opacity\"\/>\n\n\n\n<p><a href=\"https:\/\/lel-concept.fr\/index.php\/contact-rdv-devis-agencement\/\" data-type=\"page\" data-id=\"23\">contactez nous.<\/a><\/p>\n\n\n\n<hr class=\"wp-block-separator has-alpha-channel-opacity\"\/>\n","protected":false},"excerpt":{"rendered":"<p>Pourquoi utiliser le syst\u00e8me L.E.L concept ? R\u00e9aliser un agencement sur-mesure implique souvent plusieurs intervenants sur chantier avec les plannings et les d\u00e9lais de chacun difficiles \u00e0 maitriser. Une conception pens\u00e9e pour faciliter la pose sur chantier. Une structure stable et adaptable qui limite les ajustements. Une mise en \u0153uvre plus rapide que des solutions [&hellip;]<\/p>\n","protected":false},"author":1,"featured_media":0,"parent":0,"menu_order":25,"comment_status":"closed","ping_status":"closed","template":"","meta":{"footnotes":""},"class_list":["post-177","page","type-page","status-publish","hentry"],"jetpack_sharing_enabled":true,"_links":{"self":[{"href":"https:\/\/lel-concept.fr\/index.php\/wp-json\/wp\/v2\/pages\/177","targetHints":{"allow":["GET"]}}],"collection":[{"href":"https:\/\/lel-concept.fr\/index.php\/wp-json\/wp\/v2\/pages"}],"about":[{"href":"https:\/\/lel-concept.fr\/index.php\/wp-json\/wp\/v2\/types\/page"}],"author":[{"embeddable":true,"href":"https:\/\/lel-concept.fr\/index.php\/wp-json\/wp\/v2\/users\/1"}],"replies":[{"embeddable":true,"href":"https:\/\/lel-concept.fr\/index.php\/wp-json\/wp\/v2\/comments?post=177"}],"version-history":[{"count":13,"href":"https:\/\/lel-concept.fr\/index.php\/wp-json\/wp\/v2\/pages\/177\/revisions"}],"predecessor-version":[{"id":417,"href":"https:\/\/lel-concept.fr\/index.php\/wp-json\/wp\/v2\/pages\/177\/revisions\/417"}],"wp:attachment":[{"href":"https:\/\/lel-concept.fr\/index.php\/wp-json\/wp\/v2\/media?parent=177"}],"curies":[{"name":"wp","href":"https:\/\/api.w.org\/{rel}","templated":true}]}}