{"id":23,"date":"2026-03-08T16:52:37","date_gmt":"2026-03-08T16:52:37","guid":{"rendered":"https:\/\/lel-concept.fr\/?page_id=23"},"modified":"2026-04-02T08:27:56","modified_gmt":"2026-04-02T07:27:56","slug":"contact-rdv-devis-agencement","status":"publish","type":"page","link":"https:\/\/lel-concept.fr\/index.php\/contact-rdv-devis-agencement\/","title":{"rendered":"Contact"},"content":{"rendered":"\n<hr class=\"wp-block-separator has-alpha-channel-opacity\"\/>\n\n\n\n<p>Vous \u00eates architecte d\u2019int\u00e9rieur, d\u00e9corateur ou porteur d\u2019un projet d\u2019am\u00e9nagement ?<\/p>\n\n\n\n<p>Pour toute demande d\u2019information ou \u00e9tude de projet, n\u2019h\u00e9sitez pas \u00e0 nous contacter.<\/p>\n\n\n\n<p>Vous pouvez utilisez le formulaire ci-dessous ou nous contacter directement pour nous pr\u00e9senter votre projet.<br>Nous vous r\u00e9pondrons dans les meilleurs d\u00e9lais.<\/p>\n\n\n<style id=\"wpforms-css-vars-48-block-d00ec1d5-2c77-4f33-b36a-8955785c0b4d\">\n\t\t\t\t#wpforms-48.wpforms-block-d00ec1d5-2c77-4f33-b36a-8955785c0b4d {\n\t\t\t\t--wpforms-field-size-input-height: 43px;\n--wpforms-field-size-input-spacing: 15px;\n--wpforms-field-size-font-size: 16px;\n--wpforms-field-size-line-height: 19px;\n--wpforms-field-size-padding-h: 14px;\n--wpforms-field-size-checkbox-size: 16px;\n--wpforms-field-size-sublabel-spacing: 5px;\n--wpforms-field-size-icon-size: 1;\n--wpforms-label-size-font-size: 16px;\n--wpforms-label-size-line-height: 19px;\n--wpforms-label-size-sublabel-font-size: 14px;\n--wpforms-label-size-sublabel-line-height: 17px;\n--wpforms-button-size-font-size: 17px;\n--wpforms-button-size-height: 41px;\n--wpforms-button-size-padding-h: 15px;\n--wpforms-button-size-margin-top: 10px;\n\t\t\t}\n\t\t\t<\/style><div class=\"wpforms-container wpforms-container-full wpforms-block wpforms-block-d00ec1d5-2c77-4f33-b36a-8955785c0b4d wpforms-render-modern\" id=\"wpforms-48\"><form id=\"wpforms-form-48\" class=\"wpforms-validate wpforms-form wpforms-ajax-form\" data-formid=\"48\" method=\"post\" enctype=\"multipart\/form-data\" action=\"\/index.php\/wp-json\/wp\/v2\/pages\/23\" data-token=\"32ffc1ac91bbaf76e13be98e9c0daf5d\" data-token-time=\"1775404825\"><noscript class=\"wpforms-error-noscript\">Veuillez activer JavaScript dans votre navigateur pour remplir ce formulaire.<\/noscript><div id=\"wpforms-error-noscript\" style=\"display: none;\">Veuillez activer JavaScript dans votre navigateur pour remplir ce formulaire.<\/div><div class=\"wpforms-field-container\"><div id=\"wpforms-48-field_1-container\" class=\"wpforms-field wpforms-field-name\" data-field-id=\"1\"><fieldset><legend class=\"wpforms-field-label wpforms-label-hide\" aria-hidden=\"false\">Pr\u00e9nom &#8211; Nom <span class=\"wpforms-required-label\" aria-hidden=\"true\">*<\/span><\/legend><div class=\"wpforms-field-row wpforms-field-medium\"><div class=\"wpforms-field-row-block wpforms-first wpforms-one-half\"><input type=\"text\" id=\"wpforms-48-field_1\" class=\"wpforms-field-name-first wpforms-field-required\" name=\"wpforms[fields][1][first]\" placeholder=\"Pr\u00e9nom\" aria-errormessage=\"wpforms-48-field_1-error\" required><label for=\"wpforms-48-field_1\" class=\"wpforms-field-sublabel after\">Pr\u00e9nom<\/label><\/div><div class=\"wpforms-field-row-block wpforms-one-half\"><input type=\"text\" id=\"wpforms-48-field_1-last\" class=\"wpforms-field-name-last wpforms-field-required\" name=\"wpforms[fields][1][last]\" placeholder=\"Nom\" aria-errormessage=\"wpforms-48-field_1-last-error\" required><label for=\"wpforms-48-field_1-last\" class=\"wpforms-field-sublabel after\">Nom<\/label><\/div><\/div><\/fieldset><\/div><div id=\"wpforms-48-field_4-container\" class=\"wpforms-field wpforms-field-text\" data-field-id=\"4\"><label class=\"wpforms-field-label wpforms-label-hide\" for=\"wpforms-48-field_4\" aria-hidden=\"false\">Soci\u00e9t\u00e9 &#8211; Agence<\/label><input type=\"text\" id=\"wpforms-48-field_4\" class=\"wpforms-field-medium\" name=\"wpforms[fields][4]\" placeholder=\"Soci\u00e9t\u00e9 - Agence - Particulier\" aria-errormessage=\"wpforms-48-field_4-error\" ><\/div><div id=\"wpforms-48-field_11-container\" class=\"wpforms-field wpforms-field-number\" data-field-id=\"11\"><label class=\"wpforms-field-label wpforms-label-hide\" for=\"wpforms-48-field_11\" aria-hidden=\"false\">N\u00b0 t\u00e9l\u00e9phone <span class=\"wpforms-required-label\" aria-hidden=\"true\">*<\/span><\/label><input type=\"number\" id=\"wpforms-48-field_11\" class=\"wpforms-field-medium wpforms-field-required\" name=\"wpforms[fields][11]\" placeholder=\"N\u00b0 de t\u00e9l\u00e9phone\" step=\"any\" aria-errormessage=\"wpforms-48-field_11-error\" required><\/div><div id=\"wpforms-48-field_2-container\" class=\"wpforms-field wpforms-field-email\" data-field-id=\"2\"><label class=\"wpforms-field-label wpforms-label-hide\" for=\"wpforms-48-field_2\" aria-hidden=\"false\">E-mail <span class=\"wpforms-required-label\" aria-hidden=\"true\">*<\/span><\/label><input type=\"email\" id=\"wpforms-48-field_2\" class=\"wpforms-field-medium wpforms-field-required\" name=\"wpforms[fields][2]\" placeholder=\"Adresse E-mail\" spellcheck=\"false\" aria-errormessage=\"wpforms-48-field_2-error\" required><\/div><div id=\"wpforms-48-field_6-container\" class=\"wpforms-field wpforms-field-select wpforms-field-select-style-classic\" data-field-id=\"6\"><label class=\"wpforms-field-label\" for=\"wpforms-48-field_6\">Vous \u00eates : <\/label><select id=\"wpforms-48-field_6\" class=\"wpforms-field-medium\" name=\"wpforms[fields][6]\"><option value=\"\" class=\"placeholder\" disabled  selected='selected'>&#8212; S\u00e9lectionner un choix &#8212;<\/option><option value=\"Architecte d&#039;int\u00e9rieur - D\u00e9corateur (trice)\"  class=\"choice-1 depth-1\"  >Architecte d&rsquo;int\u00e9rieur &#8211; D\u00e9corateur (trice)<\/option><option value=\"Menuisier Agenceur Eb\u00e9niste (travail du bois)\"  class=\"choice-5 depth-1\"  >Menuisier Agenceur Eb\u00e9niste (travail du bois)<\/option><option value=\"Professionnel du b\u00e2timent (un besoin d&#039;agencement)\"  class=\"choice-6 depth-1\"  >Professionnel du b\u00e2timent (un besoin d&rsquo;agencement)<\/option><option value=\"Particulier Maker (parlons de votre projet)\"  class=\"choice-4 depth-1\"  >Particulier Maker (parlons de votre projet)<\/option><option value=\"Autre\"  class=\"choice-7 depth-1\"  >Autre<\/option><\/select><\/div><div id=\"wpforms-48-field_7-container\" class=\"wpforms-field wpforms-field-select wpforms-field-select-style-classic\" data-field-id=\"7\"><label class=\"wpforms-field-label\" for=\"wpforms-48-field_7\">Type de projet :<\/label><select id=\"wpforms-48-field_7\" class=\"wpforms-field-medium\" name=\"wpforms[fields][7]\"><option value=\"\" class=\"placeholder\" disabled  selected='selected'>&#8212; S\u00e9lectionner un choix &#8212;<\/option><option value=\"R\u00e9sidentiel\"  class=\"choice-3 depth-1\"  >R\u00e9sidentiel<\/option><option value=\"Commerce\"  class=\"choice-1 depth-1\"  >Commerce<\/option><option value=\"Bureau \/ Salle de r\u00e9union\"  class=\"choice-2 depth-1\"  >Bureau \/ Salle de r\u00e9union<\/option><option value=\"Restaurant \/ Hotel\"  class=\"choice-5 depth-1\"  >Restaurant \/ Hotel<\/option><option value=\"Autre\"  class=\"choice-4 depth-1\"  >Autre<\/option><\/select><\/div><div id=\"wpforms-48-field_8-container\" class=\"wpforms-field wpforms-field-text\" data-field-id=\"8\"><label class=\"wpforms-field-label wpforms-label-hide\" for=\"wpforms-48-field_8\" aria-hidden=\"false\">Ville \/ Pays du Projet<\/label><input type=\"text\" id=\"wpforms-48-field_8\" class=\"wpforms-field-medium\" name=\"wpforms[fields][8]\" placeholder=\"Ville \/ Pays du Projet\" aria-errormessage=\"wpforms-48-field_8-error\" ><\/div><div id=\"wpforms-48-field_9-container\" class=\"wpforms-field wpforms-field-text\" data-field-id=\"9\"><label class=\"wpforms-field-label wpforms-label-hide\" for=\"wpforms-48-field_9\" aria-hidden=\"false\">Dimensions ou quantit\u00e9s \u00e0 approximatives du projet<\/label><input type=\"text\" id=\"wpforms-48-field_9\" class=\"wpforms-field-medium\" name=\"wpforms[fields][9]\" placeholder=\"Dimensions ou quantit\u00e9s \u00e0 approximatives du projet\" aria-errormessage=\"wpforms-48-field_9-error\" ><\/div>\t\t<div id=\"wpforms-48-field_5-container\"\n\t\t\tclass=\"wpforms-field wpforms-field-text\"\n\t\t\tdata-field-type=\"text\"\n\t\t\tdata-field-id=\"5\"\n\t\t\t>\n\t\t\t<label class=\"wpforms-field-label\" for=\"wpforms-48-field_5\" >ou Vous Soci\u00e9t\u00e9<\/label>\n\t\t\t<input type=\"text\" id=\"wpforms-48-field_5\" class=\"wpforms-field-medium\" name=\"wpforms[fields][5]\" >\n\t\t<\/div>\n\t\t<div id=\"wpforms-48-field_10-container\" class=\"wpforms-field wpforms-field-text\" data-field-id=\"10\"><label class=\"wpforms-field-label wpforms-label-hide\" for=\"wpforms-48-field_10\" aria-hidden=\"false\">Finissions souhait\u00e9es (si connues)<\/label><input type=\"text\" id=\"wpforms-48-field_10\" class=\"wpforms-field-medium\" name=\"wpforms[fields][10]\" placeholder=\"Finissions souhait\u00e9es (si connues)\" aria-errormessage=\"wpforms-48-field_10-error\" aria-describedby=\"wpforms-48-field_10-description\" ><div id=\"wpforms-48-field_10-description\" class=\"wpforms-field-description\">couleur, texture, sp\u00e9cificit\u00e9s<\/div><\/div><div id=\"wpforms-48-field_3-container\" class=\"wpforms-field wpforms-field-textarea\" data-field-id=\"3\"><label class=\"wpforms-field-label wpforms-label-hide\" for=\"wpforms-48-field_3\" aria-hidden=\"false\">Message \/ Description du projet <span class=\"wpforms-required-label\" aria-hidden=\"true\">*<\/span><\/label><textarea id=\"wpforms-48-field_3\" class=\"wpforms-field-medium wpforms-field-required\" name=\"wpforms[fields][3]\" placeholder=\"Les plus belles cr\u00e9ations naissent dans le silence d\u2019une intention. La v\u00f4tre commence peut-\u00eatre ici\u2026 \u00c9crivez-nous, et r\u00e9v\u00e9lons-la ensemble.\" aria-errormessage=\"wpforms-48-field_3-error\" required><\/textarea><\/div><script>\n\t\t\t\t( function() {\n\t\t\t\t\tconst style = document.createElement( 'style' );\n\t\t\t\t\tstyle.appendChild( document.createTextNode( '#wpforms-48-field_5-container { position: absolute !important; overflow: hidden !important; display: inline !important; height: 1px !important; width: 1px !important; z-index: -1000 !important; padding: 0 !important; } #wpforms-48-field_5-container input { visibility: hidden; } #wpforms-conversational-form-page #wpforms-48-field_5-container label { counter-increment: none; }' ) );\n\t\t\t\t\tdocument.head.appendChild( style );\n\t\t\t\t\tdocument.currentScript?.remove();\n\t\t\t\t} )();\n\t\t\t<\/script><\/div><!-- .wpforms-field-container --><div class=\"wpforms-recaptcha-container wpforms-is-recaptcha wpforms-is-recaptcha-type-v2\" ><div class=\"g-recaptcha\" data-sitekey=\"6LdU1IYsAAAAALKVkon7BFx-a00lvGM3vr2uV532\"><\/div><input type=\"text\" name=\"g-recaptcha-hidden\" class=\"wpforms-recaptcha-hidden\" style=\"position:absolute!important;clip:rect(0,0,0,0)!important;height:1px!important;width:1px!important;border:0!important;overflow:hidden!important;padding:0!important;margin:0!important;\" data-rule-recaptcha=\"1\"><\/div><div class=\"wpforms-submit-container\" ><input type=\"hidden\" name=\"wpforms[id]\" value=\"48\"><input type=\"hidden\" name=\"page_title\" value=\"\"><input type=\"hidden\" name=\"page_url\" value=\"https:\/\/lel-concept.fr\/index.php\/wp-json\/wp\/v2\/pages\/23\"><input type=\"hidden\" name=\"url_referer\" value=\"\"><button type=\"submit\" name=\"wpforms[submit]\" id=\"wpforms-submit-48\" class=\"wpforms-submit\" data-alt-text=\"Envoi...\" data-submit-text=\"Envoyer\" aria-live=\"assertive\" value=\"wpforms-submit\">Envoyer<\/button><img loading=\"lazy\" decoding=\"async\" src=\"https:\/\/lel-concept.fr\/wp-content\/plugins\/wpforms-lite\/assets\/images\/submit-spin.svg\" class=\"wpforms-submit-spinner\" style=\"display: none;\" width=\"26\" height=\"26\" alt=\"Chargement en cours\"><\/div><\/form><\/div>  <!-- .wpforms-container -->\n\n\n<div class=\"wp-block-media-text is-stacked-on-mobile\" style=\"grid-template-columns:15% auto\"><figure class=\"wp-block-media-text__media\"><img loading=\"lazy\" decoding=\"async\" width=\"640\" height=\"640\" src=\"https:\/\/lel-concept.fr\/wp-content\/uploads\/2026\/03\/17626895.gif\" alt=\"\" class=\"wp-image-270 size-full\"\/><\/figure><div class=\"wp-block-media-text__content\">\n<p><a href=\"mailto:contact@lel-concept.fr\"><strong>contact@lel-concept.fr<\/strong><\/a><\/p>\n<\/div><\/div>\n\n\n\n<div class=\"wp-block-media-text is-stacked-on-mobile\" style=\"grid-template-columns:15% auto\"><figure class=\"wp-block-media-text__media\"><img loading=\"lazy\" decoding=\"async\" width=\"640\" height=\"640\" src=\"https:\/\/lel-concept.fr\/wp-content\/uploads\/2026\/03\/19000743.gif\" alt=\"\" class=\"wp-image-269 size-full\"\/><\/figure><div class=\"wp-block-media-text__content\">\n<p><strong>06 49 60 06 78<\/strong><\/p>\n<\/div><\/div>\n\n\n\n<hr class=\"wp-block-separator has-alpha-channel-opacity\"\/>\n","protected":false},"excerpt":{"rendered":"<p>Vous \u00eates architecte d\u2019int\u00e9rieur, d\u00e9corateur ou porteur d\u2019un projet d\u2019am\u00e9nagement ? Pour toute demande d\u2019information ou \u00e9tude de projet, n\u2019h\u00e9sitez pas \u00e0 nous contacter. Vous pouvez utilisez le formulaire ci-dessous ou nous contacter directement pour nous pr\u00e9senter votre projet.Nous vous r\u00e9pondrons dans les meilleurs d\u00e9lais. contact@lel-concept.fr 06 49 60 06 78<\/p>\n","protected":false},"author":1,"featured_media":0,"parent":0,"menu_order":30,"comment_status":"closed","ping_status":"closed","template":"","meta":{"footnotes":""},"class_list":["post-23","page","type-page","status-publish","hentry"],"jetpack_sharing_enabled":true,"_links":{"self":[{"href":"https:\/\/lel-concept.fr\/index.php\/wp-json\/wp\/v2\/pages\/23","targetHints":{"allow":["GET"]}}],"collection":[{"href":"https:\/\/lel-concept.fr\/index.php\/wp-json\/wp\/v2\/pages"}],"about":[{"href":"https:\/\/lel-concept.fr\/index.php\/wp-json\/wp\/v2\/types\/page"}],"author":[{"embeddable":true,"href":"https:\/\/lel-concept.fr\/index.php\/wp-json\/wp\/v2\/users\/1"}],"replies":[{"embeddable":true,"href":"https:\/\/lel-concept.fr\/index.php\/wp-json\/wp\/v2\/comments?post=23"}],"version-history":[{"count":8,"href":"https:\/\/lel-concept.fr\/index.php\/wp-json\/wp\/v2\/pages\/23\/revisions"}],"predecessor-version":[{"id":352,"href":"https:\/\/lel-concept.fr\/index.php\/wp-json\/wp\/v2\/pages\/23\/revisions\/352"}],"wp:attachment":[{"href":"https:\/\/lel-concept.fr\/index.php\/wp-json\/wp\/v2\/media?parent=23"}],"curies":[{"name":"wp","href":"https:\/\/api.w.org\/{rel}","templated":true}]}}