{"id":402,"date":"2026-03-24T21:57:26","date_gmt":"2026-03-24T20:57:26","guid":{"rendered":"https:\/\/lel-concept.fr\/?page_id=402"},"modified":"2026-03-25T08:50:00","modified_gmt":"2026-03-25T07:50:00","slug":"pied-de-table-basse-u","status":"publish","type":"page","link":"https:\/\/lel-concept.fr\/index.php\/pied-de-table-basse-u\/","title":{"rendered":"Pied Z de table basse"},"content":{"rendered":"\n<hr class=\"wp-block-separator has-alpha-channel-opacity\"\/>\n\n\n\n<h2 class=\"wp-block-heading\">Pied Z en acier pour table basse<\/h2>\n\n\n\n<figure class=\"wp-block-gallery has-nested-images columns-default is-cropped wp-block-gallery-1 is-layout-flex wp-block-gallery-is-layout-flex\">\n<figure data-wp-context=\"{&quot;imageId&quot;:&quot;69d28587753f5&quot;}\" data-wp-interactive=\"core\/image\" data-wp-key=\"69d28587753f5\" class=\"wp-block-image size-full is-resized wp-lightbox-container\"><img loading=\"lazy\" decoding=\"async\" width=\"672\" height=\"770\" data-wp-class--hide=\"state.isContentHidden\" data-wp-class--show=\"state.isContentVisible\" data-wp-init=\"callbacks.setButtonStyles\" data-wp-on--click=\"actions.showLightbox\" data-wp-on--load=\"callbacks.setButtonStyles\" data-wp-on-window--resize=\"callbacks.setButtonStyles\" data-id=\"387\" src=\"https:\/\/lel-concept.fr\/wp-content\/uploads\/2026\/03\/pied-Z-salon-dessus.jpg\" alt=\"\" class=\"wp-image-387\" style=\"width:150px;height:auto\" srcset=\"https:\/\/lel-concept.fr\/wp-content\/uploads\/2026\/03\/pied-Z-salon-dessus.jpg 672w, https:\/\/lel-concept.fr\/wp-content\/uploads\/2026\/03\/pied-Z-salon-dessus-262x300.jpg 262w\" sizes=\"auto, (max-width: 672px) 100vw, 672px\" \/><button\n\t\t\tclass=\"lightbox-trigger\"\n\t\t\ttype=\"button\"\n\t\t\taria-haspopup=\"dialog\"\n\t\t\taria-label=\"Agrandir\"\n\t\t\tdata-wp-init=\"callbacks.initTriggerButton\"\n\t\t\tdata-wp-on--click=\"actions.showLightbox\"\n\t\t\tdata-wp-style--right=\"state.imageButtonRight\"\n\t\t\tdata-wp-style--top=\"state.imageButtonTop\"\n\t\t>\n\t\t\t<svg xmlns=\"http:\/\/www.w3.org\/2000\/svg\" width=\"12\" height=\"12\" fill=\"none\" viewBox=\"0 0 12 12\">\n\t\t\t\t<path fill=\"#fff\" d=\"M2 0a2 2 0 0 0-2 2v2h1.5V2a.5.5 0 0 1 .5-.5h2V0H2Zm2 10.5H2a.5.5 0 0 1-.5-.5V8H0v2a2 2 0 0 0 2 2h2v-1.5ZM8 12v-1.5h2a.5.5 0 0 0 .5-.5V8H12v2a2 2 0 0 1-2 2H8Zm2-12a2 2 0 0 1 2 2v2h-1.5V2a.5.5 0 0 0-.5-.5H8V0h2Z\" \/>\n\t\t\t<\/svg>\n\t\t<\/button><\/figure>\n\n\n\n<figure data-wp-context=\"{&quot;imageId&quot;:&quot;69d285877589f&quot;}\" data-wp-interactive=\"core\/image\" data-wp-key=\"69d285877589f\" class=\"wp-block-image size-full is-resized wp-lightbox-container\"><img loading=\"lazy\" decoding=\"async\" width=\"683\" height=\"752\" data-wp-class--hide=\"state.isContentHidden\" data-wp-class--show=\"state.isContentVisible\" data-wp-init=\"callbacks.setButtonStyles\" data-wp-on--click=\"actions.showLightbox\" data-wp-on--load=\"callbacks.setButtonStyles\" data-wp-on-window--resize=\"callbacks.setButtonStyles\" data-id=\"388\" src=\"https:\/\/lel-concept.fr\/wp-content\/uploads\/2026\/03\/pied-Z-salon-dessous.jpg\" alt=\"\" class=\"wp-image-388\" style=\"width:150px\" srcset=\"https:\/\/lel-concept.fr\/wp-content\/uploads\/2026\/03\/pied-Z-salon-dessous.jpg 683w, https:\/\/lel-concept.fr\/wp-content\/uploads\/2026\/03\/pied-Z-salon-dessous-272x300.jpg 272w\" sizes=\"auto, (max-width: 683px) 100vw, 683px\" \/><button\n\t\t\tclass=\"lightbox-trigger\"\n\t\t\ttype=\"button\"\n\t\t\taria-haspopup=\"dialog\"\n\t\t\taria-label=\"Agrandir\"\n\t\t\tdata-wp-init=\"callbacks.initTriggerButton\"\n\t\t\tdata-wp-on--click=\"actions.showLightbox\"\n\t\t\tdata-wp-style--right=\"state.imageButtonRight\"\n\t\t\tdata-wp-style--top=\"state.imageButtonTop\"\n\t\t>\n\t\t\t<svg xmlns=\"http:\/\/www.w3.org\/2000\/svg\" width=\"12\" height=\"12\" fill=\"none\" viewBox=\"0 0 12 12\">\n\t\t\t\t<path fill=\"#fff\" d=\"M2 0a2 2 0 0 0-2 2v2h1.5V2a.5.5 0 0 1 .5-.5h2V0H2Zm2 10.5H2a.5.5 0 0 1-.5-.5V8H0v2a2 2 0 0 0 2 2h2v-1.5ZM8 12v-1.5h2a.5.5 0 0 0 .5-.5V8H12v2a2 2 0 0 1-2 2H8Zm2-12a2 2 0 0 1 2 2v2h-1.5V2a.5.5 0 0 0-.5-.5H8V0h2Z\" \/>\n\t\t\t<\/svg>\n\t\t<\/button><\/figure>\n<\/figure>\n\n\n\n<p>Un pied de table robuste et \u00e9l\u00e9gant pour cr\u00e9er une table sur mesure au design moderne.<\/p>\n\n\n\n<p>Le pied de table L.E.L concept est con\u00e7u pour allier solidit\u00e9, simplicit\u00e9 de pose et design \u00e9pur\u00e9.<\/p>\n\n\n\n<p>Id\u00e9al, il s&rsquo;adapte parfaitement a votre  plateau.<\/p>\n\n\n\n<p>Pens\u00e9 pour les particuliers comme pour les professionnels de l&rsquo;agencement.<\/p>\n\n\n\n<ul class=\"wp-block-list\">\n<li>Structure : acier rectangle 60&#215;30 soud\u00e9<\/li>\n\n\n\n<li>Finition : thermolaquage<\/li>\n\n\n\n<li>Hauteur standard : 38cm<\/li>\n\n\n\n<li>Largeur : 55cm<\/li>\n\n\n\n<li>Platine de fixation 59cmx 14cm avec 8 trous oblongs<\/li>\n\n\n\n<li>Fabrication francaise<\/li>\n\n\n\n<li>Option : dimensions sur mesure<\/li>\n<\/ul>\n\n\n\n<p class=\"is-style-text-subtitle is-style-text-subtitle--2\"><strong>Pour quel usage ?<\/strong><\/p>\n\n\n\n<ul class=\"wp-block-list\">\n<li>Table de salon<\/li>\n\n\n\n<li>Projet sur mesure<\/li>\n<\/ul>\n\n\n\n<p class=\"is-style-text-subtitle is-style-text-subtitle--3\"><strong>Les + produit<\/strong><\/p>\n\n\n\n<ul class=\"wp-block-list\">\n<li>Design minimaliste<\/li>\n\n\n\n<li>Grande stabilit\u00e9<\/li>\n\n\n\n<li>Installation simple et rapide<\/li>\n\n\n\n<li>Compatible avec tout type de plateaux<\/li>\n<\/ul>\n\n\n\n<p class=\"is-style-text-subtitle is-style-text-subtitle--4\"><strong>Variantes disponibles<\/strong><\/p>\n\n\n\n<p>Ce mod\u00e8le existe aussi en :<\/p>\n\n\n\n<ul class=\"wp-block-list\">\n<li><a href=\"https:\/\/lel-concept.fr\/index.php\/pied-de-table-z\/\" data-type=\"page\" data-id=\"383\">Pied Z de table<\/a><\/li>\n\n\n\n<li>Pied pour banc<\/li>\n\n\n\n<li>Autres dimensions sur demande<\/li>\n<\/ul>\n\n\n\n<hr class=\"wp-block-separator has-alpha-channel-opacity\"\/>\n\n\n\n<p>Besoin d&rsquo;un conseil ou d&rsquo;un devis?<\/p>\n\n\n\n<p>Contactez nous pour un accompagnement personnalis\u00e9.<\/p>\n\n\n\n<p class=\"is-style-text-annotation is-style-text-annotation--5\"><a href=\"https:\/\/lel-concept.fr\/index.php\/contact-rdv-devis-agencement\/\" data-type=\"page\" data-id=\"23\">Demander un devis<\/a><\/p>\n\n\n\n<hr class=\"wp-block-separator has-alpha-channel-opacity\"\/>\n","protected":false},"excerpt":{"rendered":"<p>Pied Z en acier pour table basse Un pied de table robuste et \u00e9l\u00e9gant pour cr\u00e9er une table sur mesure au design moderne. Le pied de table L.E.L concept est con\u00e7u pour allier solidit\u00e9, simplicit\u00e9 de pose et design \u00e9pur\u00e9. Id\u00e9al, il s&rsquo;adapte parfaitement a votre plateau. Pens\u00e9 pour les particuliers comme pour les professionnels [&hellip;]<\/p>\n","protected":false},"author":1,"featured_media":0,"parent":0,"menu_order":51,"comment_status":"closed","ping_status":"closed","template":"","meta":{"footnotes":""},"class_list":["post-402","page","type-page","status-publish","hentry"],"jetpack_sharing_enabled":true,"_links":{"self":[{"href":"https:\/\/lel-concept.fr\/index.php\/wp-json\/wp\/v2\/pages\/402","targetHints":{"allow":["GET"]}}],"collection":[{"href":"https:\/\/lel-concept.fr\/index.php\/wp-json\/wp\/v2\/pages"}],"about":[{"href":"https:\/\/lel-concept.fr\/index.php\/wp-json\/wp\/v2\/types\/page"}],"author":[{"embeddable":true,"href":"https:\/\/lel-concept.fr\/index.php\/wp-json\/wp\/v2\/users\/1"}],"replies":[{"embeddable":true,"href":"https:\/\/lel-concept.fr\/index.php\/wp-json\/wp\/v2\/comments?post=402"}],"version-history":[{"count":5,"href":"https:\/\/lel-concept.fr\/index.php\/wp-json\/wp\/v2\/pages\/402\/revisions"}],"predecessor-version":[{"id":490,"href":"https:\/\/lel-concept.fr\/index.php\/wp-json\/wp\/v2\/pages\/402\/revisions\/490"}],"wp:attachment":[{"href":"https:\/\/lel-concept.fr\/index.php\/wp-json\/wp\/v2\/media?parent=402"}],"curies":[{"name":"wp","href":"https:\/\/api.w.org\/{rel}","templated":true}]}}