{"id":422,"date":"2026-03-24T20:45:33","date_gmt":"2026-03-24T19:45:33","guid":{"rendered":"https:\/\/lel-concept.fr\/?page_id=422"},"modified":"2026-03-24T21:53:12","modified_gmt":"2026-03-24T20:53:12","slug":"les-pieds-de-table","status":"publish","type":"page","link":"https:\/\/lel-concept.fr\/index.php\/les-pieds-de-table\/","title":{"rendered":"Les pieds de table"},"content":{"rendered":"\n<hr class=\"wp-block-separator has-alpha-channel-opacity\"\/>\n\n\n\n<p>L.E.L concept propose des pieds de table en acier, con\u00e7us pour offrir une solution fiable, esth\u00e9tique et facile \u00e0 mettre en \u0153uvre dans vos projets d&rsquo;agencement.<\/p>\n\n\n\n<ul class=\"wp-block-list\">\n<li><a href=\"https:\/\/lel-concept.fr\/index.php\/pieds-u\/\" data-type=\"page\" data-id=\"424\">Pieds U<\/a><\/li>\n\n\n\n<li><a href=\"https:\/\/lel-concept.fr\/index.php\/pieds-z\/\" data-type=\"page\" data-id=\"426\">Pieds Z<\/a><\/li>\n\n\n\n<li><a href=\"https:\/\/lel-concept.fr\/index.php\/pieds-mikado\/\" data-type=\"page\" data-id=\"428\">Pieds Mikado<\/a><\/li>\n<\/ul>\n\n\n\n<hr class=\"wp-block-separator has-alpha-channel-opacity\"\/>\n\n\n\n<p class=\"is-style-text-annotation is-style-text-annotation--1\"><a href=\"https:\/\/lel-concept.fr\/index.php\/contact-rdv-devis-agencement\/\" data-type=\"page\" data-id=\"23\">Demander un devis<\/a><\/p>\n","protected":false},"excerpt":{"rendered":"<p>L.E.L concept propose des pieds de table en acier, con\u00e7us pour offrir une solution fiable, esth\u00e9tique et facile \u00e0 mettre en \u0153uvre dans vos projets d&rsquo;agencement. Demander un devis<\/p>\n","protected":false},"author":1,"featured_media":0,"parent":0,"menu_order":48,"comment_status":"closed","ping_status":"closed","template":"","meta":{"footnotes":""},"class_list":["post-422","page","type-page","status-publish","hentry"],"jetpack_sharing_enabled":true,"_links":{"self":[{"href":"https:\/\/lel-concept.fr\/index.php\/wp-json\/wp\/v2\/pages\/422","targetHints":{"allow":["GET"]}}],"collection":[{"href":"https:\/\/lel-concept.fr\/index.php\/wp-json\/wp\/v2\/pages"}],"about":[{"href":"https:\/\/lel-concept.fr\/index.php\/wp-json\/wp\/v2\/types\/page"}],"author":[{"embeddable":true,"href":"https:\/\/lel-concept.fr\/index.php\/wp-json\/wp\/v2\/users\/1"}],"replies":[{"embeddable":true,"href":"https:\/\/lel-concept.fr\/index.php\/wp-json\/wp\/v2\/comments?post=422"}],"version-history":[{"count":6,"href":"https:\/\/lel-concept.fr\/index.php\/wp-json\/wp\/v2\/pages\/422\/revisions"}],"predecessor-version":[{"id":461,"href":"https:\/\/lel-concept.fr\/index.php\/wp-json\/wp\/v2\/pages\/422\/revisions\/461"}],"wp:attachment":[{"href":"https:\/\/lel-concept.fr\/index.php\/wp-json\/wp\/v2\/media?parent=422"}],"curies":[{"name":"wp","href":"https:\/\/api.w.org\/{rel}","templated":true}]}}