{"id":426,"date":"2026-03-24T21:04:58","date_gmt":"2026-03-24T20:04:58","guid":{"rendered":"https:\/\/lel-concept.fr\/?page_id=426"},"modified":"2026-03-24T22:01:16","modified_gmt":"2026-03-24T21:01:16","slug":"pieds-z","status":"publish","type":"page","link":"https:\/\/lel-concept.fr\/index.php\/pieds-z\/","title":{"rendered":"Pieds Z"},"content":{"rendered":"\n<hr class=\"wp-block-separator has-alpha-channel-opacity\"\/>\n\n\n\n<p>Avec leur silhouette dynamique, les pieds Z apportent une touche de caract\u00e8re et de modernit\u00e9, id\u00e9als pour des int\u00e9rieurs au style affirm\u00e9.<\/p>\n\n\n\n<ul class=\"wp-block-list\">\n<li><a href=\"https:\/\/lel-concept.fr\/index.php\/pied-de-table-z\/\" data-type=\"page\" data-id=\"383\">Pied Z de table<\/a><\/li>\n\n\n\n<li><a href=\"https:\/\/lel-concept.fr\/index.php\/pied-de-table-basse-u\/\" data-type=\"page\" data-id=\"402\">Pied Z de table basse<\/a><\/li>\n<\/ul>\n\n\n\n<hr class=\"wp-block-separator has-alpha-channel-opacity\"\/>\n\n\n\n<p class=\"is-style-text-annotation is-style-text-annotation--1\"><a href=\"https:\/\/lel-concept.fr\/index.php\/contact-rdv-devis-agencement\/\" data-type=\"page\" data-id=\"23\">Demander un devis<\/a><\/p>\n","protected":false},"excerpt":{"rendered":"<p>Avec leur silhouette dynamique, les pieds Z apportent une touche de caract\u00e8re et de modernit\u00e9, id\u00e9als pour des int\u00e9rieurs au style affirm\u00e9. Demander un devis<\/p>\n","protected":false},"author":1,"featured_media":466,"parent":0,"menu_order":49,"comment_status":"closed","ping_status":"closed","template":"","meta":{"footnotes":""},"class_list":["post-426","page","type-page","status-publish","has-post-thumbnail","hentry"],"jetpack_sharing_enabled":true,"_links":{"self":[{"href":"https:\/\/lel-concept.fr\/index.php\/wp-json\/wp\/v2\/pages\/426","targetHints":{"allow":["GET"]}}],"collection":[{"href":"https:\/\/lel-concept.fr\/index.php\/wp-json\/wp\/v2\/pages"}],"about":[{"href":"https:\/\/lel-concept.fr\/index.php\/wp-json\/wp\/v2\/types\/page"}],"author":[{"embeddable":true,"href":"https:\/\/lel-concept.fr\/index.php\/wp-json\/wp\/v2\/users\/1"}],"replies":[{"embeddable":true,"href":"https:\/\/lel-concept.fr\/index.php\/wp-json\/wp\/v2\/comments?post=426"}],"version-history":[{"count":5,"href":"https:\/\/lel-concept.fr\/index.php\/wp-json\/wp\/v2\/pages\/426\/revisions"}],"predecessor-version":[{"id":479,"href":"https:\/\/lel-concept.fr\/index.php\/wp-json\/wp\/v2\/pages\/426\/revisions\/479"}],"wp:featuredmedia":[{"embeddable":true,"href":"https:\/\/lel-concept.fr\/index.php\/wp-json\/wp\/v2\/media\/466"}],"wp:attachment":[{"href":"https:\/\/lel-concept.fr\/index.php\/wp-json\/wp\/v2\/media?parent=426"}],"curies":[{"name":"wp","href":"https:\/\/api.w.org\/{rel}","templated":true}]}}