{"id":428,"date":"2026-03-24T21:09:18","date_gmt":"2026-03-24T20:09:18","guid":{"rendered":"https:\/\/lel-concept.fr\/?page_id=428"},"modified":"2026-03-24T21:37:43","modified_gmt":"2026-03-24T20:37:43","slug":"pieds-mikado","status":"publish","type":"page","link":"https:\/\/lel-concept.fr\/index.php\/pieds-mikado\/","title":{"rendered":"Pieds Mikado"},"content":{"rendered":"\n<hr class=\"wp-block-separator has-alpha-channel-opacity\"\/>\n\n\n\n<p>Inspir\u00e9s du jeu de ligne crois\u00e9es, les pieds Mikado offrent un design sculptural et \u00e9l\u00e9gant, parfait pour cr\u00e9er une pi\u00e8ce forte au c\u0153ur de votre int\u00e9rieur.<\/p>\n\n\n\n<hr class=\"wp-block-separator has-alpha-channel-opacity\"\/>\n\n\n\n<p class=\"is-style-text-annotation is-style-text-annotation--1\"><a href=\"https:\/\/lel-concept.fr\/index.php\/contact-rdv-devis-agencement\/\" data-type=\"page\" data-id=\"23\">Demander un devis<\/a><\/p>\n","protected":false},"excerpt":{"rendered":"<p>Inspir\u00e9s du jeu de ligne crois\u00e9es, les pieds Mikado offrent un design sculptural et \u00e9l\u00e9gant, parfait pour cr\u00e9er une pi\u00e8ce forte au c\u0153ur de votre int\u00e9rieur. Demander un devis<\/p>\n","protected":false},"author":1,"featured_media":467,"parent":0,"menu_order":49,"comment_status":"closed","ping_status":"closed","template":"","meta":{"footnotes":""},"class_list":["post-428","page","type-page","status-publish","has-post-thumbnail","hentry"],"jetpack_sharing_enabled":true,"_links":{"self":[{"href":"https:\/\/lel-concept.fr\/index.php\/wp-json\/wp\/v2\/pages\/428","targetHints":{"allow":["GET"]}}],"collection":[{"href":"https:\/\/lel-concept.fr\/index.php\/wp-json\/wp\/v2\/pages"}],"about":[{"href":"https:\/\/lel-concept.fr\/index.php\/wp-json\/wp\/v2\/types\/page"}],"author":[{"embeddable":true,"href":"https:\/\/lel-concept.fr\/index.php\/wp-json\/wp\/v2\/users\/1"}],"replies":[{"embeddable":true,"href":"https:\/\/lel-concept.fr\/index.php\/wp-json\/wp\/v2\/comments?post=428"}],"version-history":[{"count":3,"href":"https:\/\/lel-concept.fr\/index.php\/wp-json\/wp\/v2\/pages\/428\/revisions"}],"predecessor-version":[{"id":459,"href":"https:\/\/lel-concept.fr\/index.php\/wp-json\/wp\/v2\/pages\/428\/revisions\/459"}],"wp:featuredmedia":[{"embeddable":true,"href":"https:\/\/lel-concept.fr\/index.php\/wp-json\/wp\/v2\/media\/467"}],"wp:attachment":[{"href":"https:\/\/lel-concept.fr\/index.php\/wp-json\/wp\/v2\/media?parent=428"}],"curies":[{"name":"wp","href":"https:\/\/api.w.org\/{rel}","templated":true}]}}