{"id":43,"date":"2026-03-08T17:51:26","date_gmt":"2026-03-08T17:51:26","guid":{"rendered":"https:\/\/lel-concept.fr\/?page_id=43"},"modified":"2026-03-10T15:52:48","modified_gmt":"2026-03-10T14:52:48","slug":"un-agencement-innovant-et-reussi","status":"publish","type":"page","link":"https:\/\/lel-concept.fr\/index.php\/un-agencement-innovant-et-reussi\/","title":{"rendered":"Savoir-faire"},"content":{"rendered":"\n<hr class=\"wp-block-separator has-alpha-channel-opacity\"\/>\n\n\n\n<figure class=\"wp-block-video\"><video height=\"480\" style=\"aspect-ratio: 854 \/ 480;\" width=\"854\" autoplay controls loop muted src=\"https:\/\/lel-concept.fr\/wp-content\/uploads\/2026\/03\/L.E.L-concept-video-accueil-1.mp4\" playsinline><\/video><\/figure>\n\n\n\n<hr class=\"wp-block-separator has-alpha-channel-opacity\"\/>\n\n\n\n<p class=\"is-style-text-subtitle is-style-text-subtitle--1\">Conception et agencement <\/p>\n\n\n\n<p>Nous concevons des solutions d&rsquo;agencement en bois et m\u00e9tal destin\u00e9es aux professionnels souhaitant cr\u00e9er des espaces fonctionnels et esth\u00e9tiques.<\/p>\n\n\n\n<p>Chaque projet est pens\u00e9 pour offrir modularit\u00e9, simplicit\u00e9 d&rsquo;installation et libert\u00e9 de cr\u00e9ation.<\/p>\n\n\n\n<hr class=\"wp-block-separator has-alpha-channel-opacity\"\/>\n\n\n\n<p class=\"is-style-text-subtitle is-style-text-subtitle--2\">Systemes modulaires<\/p>\n\n\n\n<p>Nos structure servent de base \u00e0 des r\u00e9alisations d\u00e9coratives personnalis\u00e9es.<\/p>\n\n\n\n<p>Le designer ou l&rsquo;agenceur conserve toute sa libert\u00e9 pour travailler les \u00e9l\u00e9ments bois et cr\u00e9er un projet unique.<\/p>\n\n\n\n<hr class=\"wp-block-separator has-alpha-channel-opacity\"\/>\n\n\n\n<p class=\"is-style-text-subtitle is-style-text-subtitle--3\">Eclairage int\u00e9gr\u00e9<\/p>\n\n\n\n<p>L&rsquo;\u00e9clairage int\u00e9gr\u00e9 d\u00e8s la conception afin d&rsquo;assurer une parfaite coh\u00e9rence esth\u00e9tique et technique dans chaque r\u00e9alisation<\/p>\n\n\n\n<hr class=\"wp-block-separator has-alpha-channel-opacity\"\/>\n\n\n\n<p class=\"is-style-text-subtitle is-style-text-subtitle--4\">Accompagnement sur mesure par notre bureau d&rsquo;\u00e9tudes<\/p>\n\n\n\n<div class=\"wp-block-media-text is-stacked-on-mobile\" style=\"grid-template-columns:31% auto\"><figure class=\"wp-block-media-text__media\"><img loading=\"lazy\" decoding=\"async\" width=\"1024\" height=\"683\" src=\"https:\/\/lel-concept.fr\/wp-content\/uploads\/2026\/03\/BE-LEL-concept-1024x683.png\" alt=\"\" class=\"wp-image-295 size-full\" srcset=\"https:\/\/lel-concept.fr\/wp-content\/uploads\/2026\/03\/BE-LEL-concept-1024x683.png 1024w, https:\/\/lel-concept.fr\/wp-content\/uploads\/2026\/03\/BE-LEL-concept-300x200.png 300w, https:\/\/lel-concept.fr\/wp-content\/uploads\/2026\/03\/BE-LEL-concept-768x512.png 768w, https:\/\/lel-concept.fr\/wp-content\/uploads\/2026\/03\/BE-LEL-concept.png 1536w\" sizes=\"auto, (max-width: 1024px) 100vw, 1024px\" \/><\/figure><div class=\"wp-block-media-text__content\">\n<p>Notre bureau d&rsquo;\u00e9tudes est \u00e0 votre disposition pour \u00e9tudier toute demande sp\u00e9ciale, qu&rsquo;il s&rsquo;agisse de dimensions personnalis\u00e9es, de couleurs sp\u00e9cifiques, de mati\u00e8res ou autres adaptations.<\/p>\n<\/div><\/div>\n\n\n\n<p>Partant de notre concept standard modulable, il est capable de proposer des solutions techniques et esth\u00e9tiques sur mesure, adapt\u00e9es \u00e0 chaque projet et garantissant une installation simple et un r\u00e9sultat haut de gamme.<\/p>\n\n\n\n<hr class=\"wp-block-separator has-alpha-channel-opacity\"\/>\n","protected":false},"excerpt":{"rendered":"<p>Conception et agencement Nous concevons des solutions d&rsquo;agencement en bois et m\u00e9tal destin\u00e9es aux professionnels souhaitant cr\u00e9er des espaces fonctionnels et esth\u00e9tiques. Chaque projet est pens\u00e9 pour offrir modularit\u00e9, simplicit\u00e9 d&rsquo;installation et libert\u00e9 de cr\u00e9ation. Systemes modulaires Nos structure servent de base \u00e0 des r\u00e9alisations d\u00e9coratives personnalis\u00e9es. Le designer ou l&rsquo;agenceur conserve toute sa libert\u00e9 [&hellip;]<\/p>\n","protected":false},"author":1,"featured_media":0,"parent":0,"menu_order":15,"comment_status":"closed","ping_status":"closed","template":"","meta":{"footnotes":""},"class_list":["post-43","page","type-page","status-publish","hentry"],"jetpack_sharing_enabled":true,"_links":{"self":[{"href":"https:\/\/lel-concept.fr\/index.php\/wp-json\/wp\/v2\/pages\/43","targetHints":{"allow":["GET"]}}],"collection":[{"href":"https:\/\/lel-concept.fr\/index.php\/wp-json\/wp\/v2\/pages"}],"about":[{"href":"https:\/\/lel-concept.fr\/index.php\/wp-json\/wp\/v2\/types\/page"}],"author":[{"embeddable":true,"href":"https:\/\/lel-concept.fr\/index.php\/wp-json\/wp\/v2\/users\/1"}],"replies":[{"embeddable":true,"href":"https:\/\/lel-concept.fr\/index.php\/wp-json\/wp\/v2\/comments?post=43"}],"version-history":[{"count":12,"href":"https:\/\/lel-concept.fr\/index.php\/wp-json\/wp\/v2\/pages\/43\/revisions"}],"predecessor-version":[{"id":296,"href":"https:\/\/lel-concept.fr\/index.php\/wp-json\/wp\/v2\/pages\/43\/revisions\/296"}],"wp:attachment":[{"href":"https:\/\/lel-concept.fr\/index.php\/wp-json\/wp\/v2\/media?parent=43"}],"curies":[{"name":"wp","href":"https:\/\/api.w.org\/{rel}","templated":true}]}}