{"id":530,"date":"2026-03-30T19:58:04","date_gmt":"2026-03-30T18:58:04","guid":{"rendered":"https:\/\/lel-concept.fr\/?page_id=530"},"modified":"2026-04-05T16:30:44","modified_gmt":"2026-04-05T15:30:44","slug":"kits-agencement","status":"publish","type":"page","link":"https:\/\/lel-concept.fr\/index.php\/kits-agencement\/","title":{"rendered":"Kits d&rsquo;agencement TRAME"},"content":{"rendered":"\n<h2 class=\"wp-block-heading\">Kits TRAME &#8211; structure murale.<\/h2>\n\n\n\n<p>Les kits en acier de la gamme <strong>TRAME, sont des modules  d&rsquo;agencement verticale pr\u00eat \u00e0 <\/strong>poser, con\u00e7u pour cr\u00e9er rapidement des structures murales \u00e9l\u00e9gantes et \u00e9volutives sur mesure.<\/p>\n\n\n\n<ul class=\"wp-block-list\">\n<li>1 barre support <\/li>\n\n\n\n<li>1 canne avec ou sans \u00e9clairage led<\/li>\n\n\n\n<li>traverses<\/li>\n\n\n\n<li>visserie et accessoires de fixation. <\/li>\n<\/ul>\n\n\n\n<p>Ce kit constitue un montant vertical complet servant de base pour la cr\u00e9ation :<\/p>\n\n\n\n<ul class=\"wp-block-list\">\n<li>d&rsquo;agencement de magasin<\/li>\n\n\n\n<li>restaurant et hostellerie<\/li>\n\n\n\n<li>d&rsquo;\u00e9tag\u00e8res murales<\/li>\n\n\n\n<li>d&rsquo;un dressing \u00e9l\u00e9gant<\/li>\n\n\n\n<li>d&rsquo;une biblioth\u00e8que<\/li>\n\n\n\n<li>d&rsquo;am\u00e9nagements d\u00e9coratifs<\/li>\n\n\n\n<li>cr\u00e9er un meuble audio visuel<\/li>\n\n\n\n<li>un lit pont pour une chambre<\/li>\n\n\n\n<li>des structures sur mesure<\/li>\n<\/ul>\n\n\n\n<p>Les montants s&rsquo;associent facilement pour cr\u00e9er des am\u00e9nagements muraux personnalis\u00e9s, qui vous ressemblent.<\/p>\n\n\n\n<ul class=\"wp-block-list\">\n<li>Hauteur : de 80cm \u00e0 2.30m ajustable sur 35 cm<\/li>\n\n\n\n<li>Nombre de niveaux :  de 1 \u00e0 5<\/li>\n\n\n\n<li>Entraxe modulable selon votre implantation<\/li>\n\n\n\n<li>Avec \u00e9clairage LED 3000\u00b0K ou sans \u00e9clairage<\/li>\n<\/ul>\n\n\n\n<hr class=\"wp-block-separator has-alpha-channel-opacity\"\/>\n\n\n\n<p class=\"has-text-align-center is-style-text-subtitle is-style-text-subtitle--1\">D\u00e9couvrez les diff\u00e9rents kits <strong>TRAME<\/strong><\/p>\n\n\n\n<div class=\"wp-block-columns has-base-color has-text-color has-background is-layout-flex wp-container-core-columns-is-layout-28f84493 wp-block-columns-is-layout-flex\" style=\"border-style:none;border-width:0px;border-top-left-radius:20px;border-top-right-radius:20px;border-bottom-left-radius:20px;border-bottom-right-radius:20px;background:radial-gradient(rgb(41,41,41) 0%,rgb(133,133,133) 100%)\">\n<div class=\"wp-block-column is-layout-flow wp-block-column-is-layout-flow\">\n<details class=\"wp-block-details is-layout-flow wp-block-details-is-layout-flow\"><summary>TRAME LUMI\u00c8RE <\/summary>\n<ul class=\"wp-block-list\">\n<li><a href=\"https:\/\/lel-concept.fr\/index.php\/kit-2300-avec-eclairage\/\" data-type=\"page\" data-id=\"582\">Kit 2300<\/a><\/li>\n\n\n\n<li><a href=\"https:\/\/lel-concept.fr\/index.php\/kit-1900-avec-eclairage\/\" data-type=\"page\" data-id=\"588\">Kit 1900<\/a><\/li>\n<\/ul>\n<\/details>\n<\/div>\n\n\n\n<div class=\"wp-block-column is-layout-flow wp-block-column-is-layout-flow\">\n<details class=\"wp-block-details is-layout-flow wp-block-details-is-layout-flow\"><summary>TRAME ESSENTIELLE <\/summary>\n<ul class=\"wp-block-list\">\n<li><a href=\"https:\/\/lel-concept.fr\/index.php\/kit-2300-sans-eclairage\/\" data-type=\"page\" data-id=\"536\">Kit 2300<\/a><\/li>\n\n\n\n<li><a href=\"https:\/\/lel-concept.fr\/index.php\/kit-1900-sans-eclairage\/\" data-type=\"page\" data-id=\"551\">Kit 1900<\/a><\/li>\n\n\n\n<li><a href=\"https:\/\/lel-concept.fr\/index.php\/kit-1500-sans-eclairage\/\" data-type=\"page\" data-id=\"556\">Kit 1500<\/a><\/li>\n\n\n\n<li><a href=\"https:\/\/lel-concept.fr\/index.php\/kit-1200-sans-eclairage\/\" data-type=\"page\" data-id=\"564\">Kit 1200<\/a><\/li>\n\n\n\n<li><a href=\"https:\/\/lel-concept.fr\/index.php\/kit-800-sans-eclairage\/\" data-type=\"page\" data-id=\"572\">Kit 800<\/a><\/li>\n<\/ul>\n<\/details>\n<\/div>\n\n\n\n<div class=\"wp-block-column is-layout-flow wp-block-column-is-layout-flow\">\n<details class=\"wp-block-details is-layout-flow wp-block-details-is-layout-flow\"><summary>TRAME TABLETTE<\/summary>\n<p><a href=\"https:\/\/lel-concept.fr\/index.php\/tablette-bois-hevea-trame\/\" data-type=\"page\" data-id=\"609\">TRAME bois H\u00e9v\u00e9a<\/a><\/p>\n\n\n\n<p>massif<\/p>\n\n\n\n<p>contreplaqu\u00e9<\/p>\n\n\n\n<p>stratifi\u00e9 <\/p>\n\n\n\n<p class=\"has-contrast-color has-text-color has-background has-link-color wp-elements-7c63dc52a5b7e40c2a66a5efd97403fd\" style=\"background-color:#00c003;padding-top:0;padding-right:0;padding-bottom:0;padding-left:0\">bois recycl\u00e9<\/p>\n\n\n\n<p>verre<\/p>\n\n\n\n<p>pierre taill\u00e9e<\/p>\n\n\n\n<p>b\u00e9ton cir\u00e9<\/p>\n\n\n\n<p>m\u00e9tal<\/p>\n\n\n\n<p>r\u00e9sine \u00e9poxy<\/p>\n\n\n\n<p>plastique recycl\u00e9<\/p>\n\n\n\n<p class=\"has-contrast-color has-accent-1-background-color has-text-color has-background has-link-color wp-elements-e20f67cc46bffffc6069e040d6afc544\" style=\"padding-top:0;padding-right:0;padding-bottom:0;padding-left:0\">de votre cr\u00e9ation<\/p>\n\n\n\n<p>etc&#8230;<\/p>\n<\/details>\n<\/div>\n<\/div>\n","protected":false},"excerpt":{"rendered":"<p>Kits TRAME &#8211; structure murale. Les kits en acier de la gamme TRAME, sont des modules d&rsquo;agencement verticale pr\u00eat \u00e0 poser, con\u00e7u pour cr\u00e9er rapidement des structures murales \u00e9l\u00e9gantes et \u00e9volutives sur mesure. Ce kit constitue un montant vertical complet servant de base pour la cr\u00e9ation : Les montants s&rsquo;associent facilement pour cr\u00e9er des am\u00e9nagements [&hellip;]<\/p>\n","protected":false},"author":1,"featured_media":624,"parent":0,"menu_order":200,"comment_status":"closed","ping_status":"closed","template":"","meta":{"footnotes":""},"class_list":["post-530","page","type-page","status-publish","has-post-thumbnail","hentry"],"jetpack_sharing_enabled":true,"_links":{"self":[{"href":"https:\/\/lel-concept.fr\/index.php\/wp-json\/wp\/v2\/pages\/530","targetHints":{"allow":["GET"]}}],"collection":[{"href":"https:\/\/lel-concept.fr\/index.php\/wp-json\/wp\/v2\/pages"}],"about":[{"href":"https:\/\/lel-concept.fr\/index.php\/wp-json\/wp\/v2\/types\/page"}],"author":[{"embeddable":true,"href":"https:\/\/lel-concept.fr\/index.php\/wp-json\/wp\/v2\/users\/1"}],"replies":[{"embeddable":true,"href":"https:\/\/lel-concept.fr\/index.php\/wp-json\/wp\/v2\/comments?post=530"}],"version-history":[{"count":26,"href":"https:\/\/lel-concept.fr\/index.php\/wp-json\/wp\/v2\/pages\/530\/revisions"}],"predecessor-version":[{"id":723,"href":"https:\/\/lel-concept.fr\/index.php\/wp-json\/wp\/v2\/pages\/530\/revisions\/723"}],"wp:featuredmedia":[{"embeddable":true,"href":"https:\/\/lel-concept.fr\/index.php\/wp-json\/wp\/v2\/media\/624"}],"wp:attachment":[{"href":"https:\/\/lel-concept.fr\/index.php\/wp-json\/wp\/v2\/media?parent=530"}],"curies":[{"name":"wp","href":"https:\/\/api.w.org\/{rel}","templated":true}]}}