{"id":588,"date":"2026-03-30T21:53:02","date_gmt":"2026-03-30T20:53:02","guid":{"rendered":"https:\/\/lel-concept.fr\/?page_id=588"},"modified":"2026-04-05T15:22:02","modified_gmt":"2026-04-05T14:22:02","slug":"kit-1900-avec-eclairage-trame-lumiere","status":"publish","type":"page","link":"https:\/\/lel-concept.fr\/index.php\/kit-1900-avec-eclairage-trame-lumiere\/","title":{"rendered":"Kit 1900 TRAME LUMI\u00c8RE"},"content":{"rendered":"\n<p class=\"is-style-text-subtitle is-style-text-subtitle--1\">Kit montant en acier thermolaqu\u00e9 avec \u00e9clairage.<\/p>\n\n\n\n<p>Le kit est compos\u00e9 de :<\/p>\n\n\n\n<ul class=\"wp-block-list\">\n<li>1 barre support mural 1900<\/li>\n\n\n\n<li>1 canne avec \u00e9clairage 1900<\/li>\n\n\n\n<li>4 traverses 295<\/li>\n\n\n\n<li>ensemble visserie et fixation.<\/li>\n<\/ul>\n\n\n\n<figure class=\"wp-block-image size-full is-resized\"><img loading=\"lazy\" decoding=\"async\" width=\"195\" height=\"768\" src=\"https:\/\/lel-concept.fr\/wp-content\/uploads\/2026\/03\/kit-1900-eclairage.jpg\" alt=\"\" class=\"wp-image-648\" style=\"width:auto;height:500px\" srcset=\"https:\/\/lel-concept.fr\/wp-content\/uploads\/2026\/03\/kit-1900-eclairage.jpg 195w, https:\/\/lel-concept.fr\/wp-content\/uploads\/2026\/03\/kit-1900-eclairage-76x300.jpg 76w\" sizes=\"auto, (max-width: 195px) 100vw, 195px\" \/><\/figure>\n\n\n\n<details class=\"wp-block-details is-layout-flow wp-block-details-is-layout-flow\"><summary>Caract\u00e9ristiques :<\/summary>\n<ul class=\"wp-block-list\">\n<li>Hauteur : 1945 mm (hors tout)<\/li>\n\n\n\n<li>Profondeur : 345 mm (hors tout)<\/li>\n\n\n\n<li>4 niveaux<\/li>\n\n\n\n<li>3 Fixations murales<\/li>\n\n\n\n<li>Structure acier thermolaqu\u00e9<\/li>\n\n\n\n<li>Eclairage LED 3000\u00b0K<\/li>\n\n\n\n<li>6.72W<\/li>\n\n\n\n<li>IRC &gt; 90<\/li>\n\n\n\n<li>1008 Lumens<\/li>\n\n\n\n<li>IP20<\/li>\n\n\n\n<li>1 interrupteur individuel<\/li>\n\n\n\n<li>Prise d&rsquo;alimentation 24V 5.5&#215;2.1mm<\/li>\n\n\n\n<li class=\"has-medium-font-size\">Tension : 24V (alimentation 24 volts, \u00e0 commander s\u00e9par\u00e9ment)<\/li>\n<\/ul>\n<\/details>\n\n\n\n<div class=\"wp-block-buttons is-layout-flex wp-block-buttons-is-layout-flex\">\n<div class=\"wp-block-button is-style-outline is-style-outline--2\"><a class=\"wp-block-button__link wp-element-button\" href=\"https:\/\/lel-concept.fr\/index.php\/contact-rdv-devis-agencement\/\">Demander un devis<\/a><\/div>\n<\/div>\n","protected":false},"excerpt":{"rendered":"<p>Kit montant en acier thermolaqu\u00e9 avec \u00e9clairage. Le kit est compos\u00e9 de :<\/p>\n","protected":false},"author":1,"featured_media":0,"parent":0,"menu_order":255,"comment_status":"closed","ping_status":"closed","template":"","meta":{"footnotes":""},"class_list":["post-588","page","type-page","status-publish","hentry"],"jetpack_sharing_enabled":true,"_links":{"self":[{"href":"https:\/\/lel-concept.fr\/index.php\/wp-json\/wp\/v2\/pages\/588","targetHints":{"allow":["GET"]}}],"collection":[{"href":"https:\/\/lel-concept.fr\/index.php\/wp-json\/wp\/v2\/pages"}],"about":[{"href":"https:\/\/lel-concept.fr\/index.php\/wp-json\/wp\/v2\/types\/page"}],"author":[{"embeddable":true,"href":"https:\/\/lel-concept.fr\/index.php\/wp-json\/wp\/v2\/users\/1"}],"replies":[{"embeddable":true,"href":"https:\/\/lel-concept.fr\/index.php\/wp-json\/wp\/v2\/comments?post=588"}],"version-history":[{"count":7,"href":"https:\/\/lel-concept.fr\/index.php\/wp-json\/wp\/v2\/pages\/588\/revisions"}],"predecessor-version":[{"id":699,"href":"https:\/\/lel-concept.fr\/index.php\/wp-json\/wp\/v2\/pages\/588\/revisions\/699"}],"wp:attachment":[{"href":"https:\/\/lel-concept.fr\/index.php\/wp-json\/wp\/v2\/media?parent=588"}],"curies":[{"name":"wp","href":"https:\/\/api.w.org\/{rel}","templated":true}]}}