{"id":609,"date":"2026-03-31T08:22:40","date_gmt":"2026-03-31T07:22:40","guid":{"rendered":"https:\/\/lel-concept.fr\/?page_id=609"},"modified":"2026-04-05T15:22:40","modified_gmt":"2026-04-05T14:22:40","slug":"tablette-bois-hevea-trame","status":"publish","type":"page","link":"https:\/\/lel-concept.fr\/index.php\/tablette-bois-hevea-trame\/","title":{"rendered":"TRAME Tablette bois H\u00e9v\u00e9a"},"content":{"rendered":"\n<p>Une tablette bois pr\u00eate \u00e0 int\u00e9grer, peut \u00eatre recouper pour s&rsquo;adapter parfaitement \u00e0 vos agencements sur mesure.<\/p>\n\n\n\n<p>D&rsquo;une longueur de  2,20m, permet une grande libert\u00e9 de conception, avec la possibilit\u00e9 de la recouper facilement selon vos besoins.<\/p>\n\n\n\n<figure class=\"wp-block-image size-full is-resized\"><img loading=\"lazy\" decoding=\"async\" width=\"969\" height=\"358\" src=\"https:\/\/lel-concept.fr\/wp-content\/uploads\/2026\/03\/kit-tablette-2200.jpg\" alt=\"\" class=\"wp-image-630\" style=\"width:auto;height:250px\" srcset=\"https:\/\/lel-concept.fr\/wp-content\/uploads\/2026\/03\/kit-tablette-2200.jpg 969w, https:\/\/lel-concept.fr\/wp-content\/uploads\/2026\/03\/kit-tablette-2200-300x111.jpg 300w, https:\/\/lel-concept.fr\/wp-content\/uploads\/2026\/03\/kit-tablette-2200-768x284.jpg 768w\" sizes=\"auto, (max-width: 969px) 100vw, 969px\" \/><\/figure>\n\n\n\n<details class=\"wp-block-details is-layout-flow wp-block-details-is-layout-flow\"><summary>Caract\u00e9ristiques : <\/summary>\n<ul class=\"wp-block-list\">\n<li>Longueur : 2200 mm<\/li>\n\n\n\n<li>Largeur : 290 mm<\/li>\n\n\n\n<li>Epaisseur : 18 mm<\/li>\n\n\n\n<li>Essence : H\u00e9v\u00e9a<\/li>\n\n\n\n<li>Fabrication : lamell\u00e9 coll\u00e9<\/li>\n\n\n\n<li>Finition : brute<\/li>\n<\/ul>\n<\/details>\n\n\n\n<div class=\"wp-block-buttons is-layout-flex wp-block-buttons-is-layout-flex\">\n<div class=\"wp-block-button is-style-outline is-style-outline--1\"><a class=\"wp-block-button__link wp-element-button\" href=\"https:\/\/lel-concept.fr\/index.php\/contact-rdv-devis-agencement\/\">Demande un devis<\/a><\/div>\n<\/div>\n","protected":false},"excerpt":{"rendered":"<p>Une tablette bois pr\u00eate \u00e0 int\u00e9grer, peut \u00eatre recouper pour s&rsquo;adapter parfaitement \u00e0 vos agencements sur mesure. D&rsquo;une longueur de 2,20m, permet une grande libert\u00e9 de conception, avec la possibilit\u00e9 de la recouper facilement selon vos besoins.<\/p>\n","protected":false},"author":1,"featured_media":0,"parent":0,"menu_order":260,"comment_status":"closed","ping_status":"closed","template":"","meta":{"footnotes":""},"class_list":["post-609","page","type-page","status-publish","hentry"],"jetpack_sharing_enabled":true,"_links":{"self":[{"href":"https:\/\/lel-concept.fr\/index.php\/wp-json\/wp\/v2\/pages\/609","targetHints":{"allow":["GET"]}}],"collection":[{"href":"https:\/\/lel-concept.fr\/index.php\/wp-json\/wp\/v2\/pages"}],"about":[{"href":"https:\/\/lel-concept.fr\/index.php\/wp-json\/wp\/v2\/types\/page"}],"author":[{"embeddable":true,"href":"https:\/\/lel-concept.fr\/index.php\/wp-json\/wp\/v2\/users\/1"}],"replies":[{"embeddable":true,"href":"https:\/\/lel-concept.fr\/index.php\/wp-json\/wp\/v2\/comments?post=609"}],"version-history":[{"count":7,"href":"https:\/\/lel-concept.fr\/index.php\/wp-json\/wp\/v2\/pages\/609\/revisions"}],"predecessor-version":[{"id":700,"href":"https:\/\/lel-concept.fr\/index.php\/wp-json\/wp\/v2\/pages\/609\/revisions\/700"}],"wp:attachment":[{"href":"https:\/\/lel-concept.fr\/index.php\/wp-json\/wp\/v2\/media?parent=609"}],"curies":[{"name":"wp","href":"https:\/\/api.w.org\/{rel}","templated":true}]}}